{"id":2881,"date":"2018-09-09T04:45:57","date_gmt":"2018-09-08T19:45:57","guid":{"rendered":"https:\/\/www.yodogawa.com.vn\/about-us\/"},"modified":"2018-09-09T04:45:57","modified_gmt":"2018-09-08T19:45:57","slug":"about-us","status":"publish","type":"page","link":"https:\/\/www.yodogawa.com.vn\/My\/about-us\/","title":{"rendered":"About Us"},"content":{"rendered":"\n\t<div id=\"gap-1101523409\" class=\"gap-element clearfix\" style=\"display:block; height:auto;\">\n\t\t\n<style>\n#gap-1101523409 {\n  padding-top: 20px;\n}\n<\/style>\n\t<\/div>\n\t\n\n<div class=\"row\"  id=\"row-1451357777\">\n\n\n\t<div id=\"col-1926487810\" class=\"col small-12 large-12\"  >\n\t\t\t\t<div class=\"col-inner\"  >\n\t\t\t\n\t\t\t\n\n<h1 style=\"text-align: left;\"><span style=\"font-size: 25.92px;\"><span style=\"font-size: 25.92px;\">About Us<\/span><\/span><\/h1>\n<div id=\"cc-m-6347438258\" class=\"j-module n j-text \">\n<div>Yodogawa Agency\u1000\u102d\u102f\u1041\u1049\u1046\u1048\u1001\u102f\u1014\u103e\u1005\u103a\u1010\u103d\u1004\u103a\u1005\u1010\u1004\u103a\u1010\u100a\u103a\u1011\u1031\u102c\u1004\u103a\u1001\u1032\u1037\u1015\u103c\u102e\u1038Osaka\u1019\u103c\u102d\u102f\u1037Kita \u1001\u101b\u102d\u102f\u1004\u103a\u104f<\/div>\n<div>&nbsp;<\/div>\n<div>\u1021\u101c\u101a\u103a\u1017\u101f\u102d\u102f\u1010\u103d\u1004\u103a \u1010\u100a\u103a\u101b\u103e\u102d\u1015\u102b\u101e\u100a\u103a\u104b\u1002\u103b\u1015\u1014\u103a\u1014\u102d\u102f\u1004\u103a\u1004\u1036\u101b\u103e\u102d\u1005\u102e\u1038\u1015\u103d\u102c\u1038\u101b\u1031\u1038\u101c\u102f\u1015\u103a\u1004\u1014\u103a\u1038\u1019\u103b\u102c\u1038\u1014\u103e\u1004\u1037\u103a\u1021\u101c\u102f\u1015\u103a\u101e\u1004\u103a\u1019\u103b\u102c\u1038\u1021\u1010\u103d\u1000\u103a\u1001\u102d\u102f\u1004\u103a\u1019\u102c\u101e\u1031\u102c \u1015\u1031\u102b\u1004\u103a\u1038\u1000\u1030\u1038\u1010\u1036\u1010\u102c\u1038\u1021\u1014\u1031\u1016\u103c\u1004\u1037\u103a\u1014\u102d\u102f\u1004\u103a\u1004\u1036\u1010\u1000\u102c\u1000\u102f\u1019\u1039\u1015\u100f\u102e\u1019\u103b\u102c\u1038\u1014\u103e\u1004\u1037\u103a\u1014\u103e\u102e\u1038\u1014\u103e\u1031\u102c\u1016\u101c\u103e\u101a\u103a\u1015\u103d\u1032\u1019\u103b\u102c\u1038\u104a\u101e\u1004\u103a\u1001\u1014\u103a\u1038\u1005\u102c\u1019\u103b\u102c\u1038\u1014\u103e\u1004\u1037\u103a\u1005\u102e\u1038\u1015\u103d\u102c\u1038\u101b\u1031\u1038\u1016\u101c\u103e\u101a\u103a\u1019\u103e\u102f\u1019\u103b\u102c\u1038\u1000\u102d\u102f \u1015\u102f\u1036\u1019\u103e\u1014\u103a\u1015\u103c\u102f\u101c\u102f\u1015\u103a\u1015\u102b\u101e\u100a\u103a\u104bKansai\u1027\u101b\u102d\u101a\u102c\u101b\u103e\u102d\u1000\u1031\u102c\u103a\u1015\u102d\u102f\u101b\u1031\u1038\u101b\u103e\u1004\u103a\u1038\u1000\u103c\u102e\u1038\u1010\u1005\u103a\u1001\u102f\u1021\u1014\u1031\u1016\u103c\u1004\u1037\u103a<\/div>\n<div>&nbsp;<\/div>\n<div>Yodogawa Kimiai\u101e\u100a\u103a\u1021\u1004\u103a\u1002\u103b\u1004\u103a\u1014\u102e\u101a\u102c\u1014\u103e\u1004\u1037\u103a\u101e\u1000\u103a\u1006\u102d\u102f\u1004\u103a\u101e\u100a\u1037\u103a \u1021\u1013\u102d\u1000\u1021\u101c\u102f\u1015\u103a\u1019\u103b\u102c\u1038\u1016\u103c\u1005\u103a\u101e\u1031\u102c \u1021\u1004\u103a\u1002\u103b\u1004\u103a\u1014\u102e\u101a\u102c\u101c\u102f\u1015\u103a\u1004\u1014\u103a\u1038\u1001\u103d\u1004\u103a (\u1021\u1011\u1030\u1038\u101e\u1016\u103c\u1004\u1037\u103a \u1005\u102d\u102f\u1000\u103a\u1015\u103b\u102d\u102f\u1038\u101b\u1031\u1038\u1019\u101f\u102f\u1010\u103a\u101e\u1031\u102c\u104a \u1021\u1011\u100a\u103a\u1001\u103b\u102f\u1015\u103a\u1014\u103e\u1004\u1037\u103a\u1004\u103c\u1019\u103a\u1038\u1006\u1004\u103a\u1001\u103c\u1004\u103a\u1038) \u1014\u103e\u1004\u1037\u103a \u1015\u1010\u103a\u101e\u1000\u103a\u101e\u100a\u1037\u103a \u1021\u101c\u102f\u1015\u103a\u101e\u1004\u103a\u1015\u1031\u102b\u1004\u103a\u1038 \u1045\u1040\u1040\u1040 \u1001\u1014\u1037\u103a\u1016\u103c\u1004\u1037\u103a \u1014\u103e\u1005\u103a\u1015\u1031\u102b\u1004\u103a\u1038 \u1042\u1040\u1000\u103b\u1031\u102c\u103a (\u1041\u1049\u1049\u1048 \u1001\u102f\u1014\u103e\u1005\u103a\u1000\u1010\u100a\u103a\u1038\u1000) \u1021\u101c\u102f\u1015\u103a\u101e\u1004\u103a\u1019\u103b\u102c\u1038 \u101c\u1000\u103a\u1001\u1036\u101b\u101b\u103e\u102d\u1001\u1032\u1037\u1015\u102b\u101e\u100a\u103a\u104b\u1011\u102d\u102f\u1037\u1000\u103c\u1031\u102c\u1004\u1037\u103a\u1005\u102f\u1006\u1031\u102c\u1004\u103a\u1038\u1011\u102c\u1038\u101e\u1031\u102c\u1021\u101e\u102d\u1015\u100a\u102c \u1016\u103c\u1004\u1037\u103a\u1021\u102d\u1019\u103a\u101e\u102d\u102f\u1037\u1015\u103c\u1014\u103a\u101c\u102c\u1015\u103c\u102e\u1038\u1014\u1031\u102c\u1000\u103a\u1002\u103b\u1015\u1014\u103a\u1010\u103d\u1004\u103a\u1021\u101c\u102f\u1015\u103a\u101e\u1004\u103a \u1015\u103c\u102e\u1038\u1005\u102e\u1038 \u101e\u100a\u1037\u103a\u1014\u1031\u102c\u1000\u103a\u1010\u103d\u1004\u103a\u1005\u102f\u1006\u1031\u102c\u1004\u103a\u1038\u1011\u102c\u1038\u101e\u1031\u102c \u1004\u103d\u1031\u1016\u103c\u1004\u1037\u103a \u1000\u102d\u102f\u101a\u103a\u1015\u102d\u102f\u1004\u103a\u101c\u102f\u1015\u103a\u1004\u1014\u103a\u1038\u1000\u102d\u102f \u1005\u1010\u1004\u103a\u1014\u102d\u102f\u1004\u103a\u1019\u100a\u103a\u1016\u103c\u1005\u103a\u101e\u100a\u103a\u104b \u1002\u103b\u1015\u1014\u103a\u1014\u102d\u102f\u1004\u103a\u1004\u1036\u1010\u103d\u1004\u103a\u1043\u1014\u103e\u1005\u103a\u1010\u102c\u1000\u102c\u101c\u1021\u1010\u103d\u1004\u103a\u1038 \u101e\u1004\u103a\u1010\u1014\u103a\u1038\u101e\u102c\u1038\u1019\u103b\u102c\u1038\u1021\u102c\u1038\u1005\u102d\u1010\u103a\u1021\u1031\u1038\u1001\u103b\u1019\u103a\u1038\u101e\u102c\u1019\u103e\u102f\u101b\u101b\u103e\u102d\u1005\u1031\u101e\u100a\u1037\u103a\u1005\u1036\u1014\u103e\u102f\u1014\u103a\u1038\u1016\u103c\u1004\u1037\u103a \u1021\u1031\u1002\u103b\u1004\u103a\u1005\u102e\u101e\u100a\u103a\u1021\u101c\u102f\u1015\u103a\u101e\u1004\u103a\u1019\u103b\u102c\u1038\u1021\u102c\u1038\u1021\u1019\u103c\u1014\u103a\u1006\u1014\u103a\u1006\u102f\u1036\u1038\u1014\u103e\u1004\u1037\u103a\u1021\u1011\u102d\u101b\u1031\u102c\u1000\u103a\u1006\u102f\u1036\u1038\u1015\u1036\u1037\u1015\u102d\u102f\u1038\u1015\u1031\u1038\u1014\u102d\u102f\u1004\u103a\u1005\u1031\u101b\u1014\u103a \u101c\u102f\u1015\u103a\u1004\u1014\u103a\u1038\u1001\u103d\u1004\u103a\u1014\u100a\u103a\u1038\u101c\u1019\u103a\u1038\u1019\u103b\u102c\u1038\u1000\u102d\u102f \u1019\u103c\u103e\u1004\u1037\u103a\u1010\u1004\u103a\u101b\u1014\u103a \u1021\u1019\u103c\u1032\u1000\u103c\u102d\u102f\u1038\u1005\u102c\u1038\u1014\u1031\u1015\u102b\u101e\u100a\u103a\u104b \u1042\u1040\u1041\u1047 \u1001\u102f\u1014\u103e\u1005\u103a \u1014\u102d\u102f\u101d\u1004\u103a\u1018\u102c\u101c\u1010\u103d\u1004\u103a\u1001\u102f\u1019\u102d\u1021\u1021\u102d\u101e\u100a\u103a \u1011\u1030\u1038\u1001\u103b\u103d\u1014\u103a\u101e\u1031\u102c\u1001\u102f\u1019\u102d\u1021\u1021\u102d<\/div>\n<div>&nbsp;<\/div>\n<div>\u1021\u1031\u102c\u1004\u103a\u101c\u1000\u103a\u1019\u103e\u1010\u103a\u1000\u102d\u102f\u101b\u101b\u103e\u102d\u1001\u1032\u1037\u1015\u103c\u102e\u1038 4th \u1019\u103e 5th \u1014\u103e\u1005\u103a\u1021\u1011\u102d \u101e\u1004\u103a\u1010\u1014\u103a\u1038\u101e\u102c\u1038\u1019\u103b\u102c\u1038\u1000\u102d\u102f \u101c\u1000\u103a\u1001\u1036\u101b\u101b\u103e\u102d\u101b\u1014\u103a \u1021\u101b\u100a\u103a\u1021\u1001\u103b\u1004\u103a\u1038\u1015\u103c\u100a\u1037\u103a\u1019\u102e\u1001\u1032\u1037\u1015\u102b\u101e\u100a\u103a\u104b<\/div>\n<hr><\/div>\n<p><span style=\"color: #333333;\"><strong>\u1021\u1031\u1002\u103b\u1004\u103a\u1005\u102e\u104f\u1001\u103c\u102f\u1036\u1004\u102f\u1036\u101e\u102f\u1036\u1038\u101e\u1015\u103a\u1001\u103b\u1000\u103a<\/strong><\/span><\/p>\n<table>\n<tbody>\n<tr>\n<td><span style=\"font-size: 14.4px;\">\u1000\u102f\u1019\u1039\u1015\u100f\u102e\u1021\u1019\u100a\u103a<\/span><\/td>\n<td><span style=\"font-size: 14.4px;\">&#8211; Yodogawa SMEs<\/span><\/td>\n<\/tr>\n<tr>\n<td><span style=\"font-size: 14.4px;\">\u1027\u100a\u1037\u103a\u101e\u100a\u1037\u103a\u101b\u103e\u1004\u103a\u1019\u103e\u1030\u1038<\/span><\/td>\n<td><span style=\"font-size: 14.4px;\">Yasuda Kazuhiro<\/span><\/td>\n<\/tr>\n<tr>\n<td><span style=\"font-size: 14.4px;\">\u100c\u102c\u1014\u1001\u103b\u102f\u1015\u103a<\/span><\/td>\n<td><span style=\"font-size: 14.4px;\">Osaka-fu\u104a Osaka-shi\u104a Kita-ku\u104a Shibata 2 Chome\u22128\u221231<br>Daisan Toyo \u1021\u1006\u1031\u102c\u1000\u103a\u1021\u1026\u1038\u104f 4\u101c\u103d\u103e\u102c\u1010\u103d\u1004\u103a\u101b\u103e\u102d\u1015\u102b\u101e\u100a\u103a\u104b \uff3b<a href=\"https:\/\/goo.gl\/maps\/sAzWrMXrsYp\" target=\"_blank\" rel=\"noopener\">b\u1ea3n \u0111\u1ed3<\/a>\uff3d<br>Tel: (+81)06-6359-1752 Fax\uff1a(+81)06-6359-1754<\/span><\/td>\n<\/tr>\n<tr>\n<td><span style=\"font-size: 14.4px;\">\u1005\u1000\u103a\u1019\u103e\u102f\u1005\u102e\u1038\u1015\u103d\u102c\u1038\u101b\u1031\u1038\u1026\u1038\u1005\u102e\u1038\u100c\u102c\u1014\u1019\u103e \u101c\u102d\u102f\u1004\u103a\u1005\u1004\u103a\u1021\u1019\u103e\u1010\u103a \u1046\u1042\u1042 \u1000\u102d\u102f \u1041\u1049\u1046\u1048 \u1001\u102f\u1014\u103e\u1005\u103a \u1014\u102d\u102f\u101d\u1004\u103a\u1018\u102c\u101c \u1042\u1048 \u101b\u1000\u103a\u1014\u1031\u1037\u1010\u103d\u1004\u103a \u1010\u100a\u103a\u1011\u1031\u102c\u1004\u103a\u1001\u103c\u1004\u103a\u1038\u104a<\/span><\/td>\n<td><span style=\"font-size: 14.4px;\">Gi\u1ea5y ph\u00e9p s\u1ed1 622 \u0111\u01b0\u1ee3c C\u1ee5c Kinh t\u1ebf C\u00f4ng nghi\u1ec7p c\u1ea5p ng\u00e0y 28 th\u00e1ng 11 n\u0103m 1968<\/span><\/td>\n<\/tr>\n<tr>\n<td><span style=\"font-size: 14.4px;\">C\u01a1 quan c\u1ea5p ph\u00e9p<\/span><\/td>\n<td><span style=\"font-size: 14.4px;\">Ph\u00f2ng Kinh t\u1ebf, Th\u01b0\u01a1ng m\u1ea1i v\u00e0 C\u00f4ng nghi\u1ec7p Kinki<\/span>\n<p><span style=\"color: #333333;\"><span style=\"font-size: 14.4px;\">C\u1ee5c Ph\u00e1t tri\u1ec3n khu v\u1ef1c Kinki<\/span><\/span><\/p>\n<p><span style=\"color: #333333;\"><span style=\"font-size: 14.4px;\">B\u1ed9 t\u00e0i nguy\u00ean m\u00f4i tr\u01b0\u1eddng<\/span><\/span><\/p>\n<p><span style=\"color: #333333;\"><span style=\"font-size: 14.4px;\">C\u1ee5c thu\u1ebf qu\u1ed1c gia<\/span><\/span><\/p>\n<p><span style=\"color: #333333;\"><span style=\"font-size: 14.4px;\">B\u1ed9 Giao th\u00f4ng v\u1eadn t\u1ea3i Kinki<\/span><\/span><\/p>\n<p><span style=\"color: #333333;\"><span style=\"font-size: 14.4px;\">Ch\u00ednh quy\u1ec1n ph\u1ee7 Osaka<\/span><\/span><\/p>\n<\/td>\n<\/tr>\n<tr>\n<td><span style=\"font-size: 14.4px;\">C\u00f4ng ty ti\u1ebfp nh\u1eadn<\/span><\/td>\n<td><span style=\"font-size: 14.4px;\">143 c\u00f4ng ty\uff08th\u1ed1ng k\u00ea th\u00e1ng 3 n\u0103m 2018)<\/span><\/td>\n<\/tr>\n<tr>\n<td><span style=\"font-size: 14.4px;\">Th\u1ef1c t\u1eadp sinh \u0111\u00e3 ti\u1ebfp nh\u1eadn<\/span><\/td>\n<td><span style=\"font-size: 14.4px;\">Tr\u00ean 5,000 ng\u01b0\u1eddi\uff08Th\u1ed1ng k\u00ea T\u1eeb th\u00e1ng 5 n\u0103m 1998 \u0111\u1ebfn th\u00e1ng 3 n\u0103m 2017<\/span><\/td>\n<\/tr>\n<tr>\n<td><span style=\"font-size: 14.4px;\">Ng\u00e0nh ngh\u1ec1 ti\u1ebfp nh\u1eadn<\/span><\/td>\n<td><span style=\"font-size: 14.4px;\">Ng\u00e0nh h\u00e0n, c\u01a1 kh\u00ed (ti\u1ec7n, phay, gia c\u00f4ng d\u1eadp) , l\u1eafp r\u00e1p \u0111i\u1ec7n t\u1eed ,\u0111\u00f3ng g\u00f3i , s\u1ea3n xu\u1ea5t ..v..v&#8230;<\/span><\/td>\n<\/tr>\n<tr>\n<td><span style=\"font-size: 14.4px;\">B\u1ea3n \u0111\u1ed3<\/span><\/td>\n<td><iframe loading=\"lazy\" style=\"border: 0;\" src=\"https:\/\/www.google.com\/maps\/embed?pb=!1m18!1m12!1m3!1d3279.9130814044515!2d135.49371551448442!3d34.707372180432785!2m3!1f0!2f0!3f0!3m2!1i1024!2i768!4f13.1!3m3!1m2!1s0x0%3A0x38d72e4b80609271!2z5reA5bed5Lit5bCP5LyB5qWt5oyv6IiI5Y2U5ZCM57WE5ZCI!5e0!3m2!1sen!2sjp!4v1536473578513\" width=\"300\" height=\"225\" frameborder=\"0\" allowfullscreen=\"allowfullscreen\"><\/iframe><\/td>\n<\/tr>\n<\/tbody>\n<\/table>\n\n\t\t<\/div>\n\t\t\t\t\t<\/div>\n\n\t\n\n<\/div>\n","protected":false},"excerpt":{"rendered":"","protected":false},"author":1,"featured_media":0,"parent":0,"menu_order":0,"comment_status":"closed","ping_status":"closed","template":"page-blank.php","meta":{"footnotes":""},"_links":{"self":[{"href":"https:\/\/www.yodogawa.com.vn\/My\/wp-json\/wp\/v2\/pages\/2881"}],"collection":[{"href":"https:\/\/www.yodogawa.com.vn\/My\/wp-json\/wp\/v2\/pages"}],"about":[{"href":"https:\/\/www.yodogawa.com.vn\/My\/wp-json\/wp\/v2\/types\/page"}],"author":[{"embeddable":true,"href":"https:\/\/www.yodogawa.com.vn\/My\/wp-json\/wp\/v2\/users\/1"}],"replies":[{"embeddable":true,"href":"https:\/\/www.yodogawa.com.vn\/My\/wp-json\/wp\/v2\/comments?post=2881"}],"version-history":[{"count":0,"href":"https:\/\/www.yodogawa.com.vn\/My\/wp-json\/wp\/v2\/pages\/2881\/revisions"}],"wp:attachment":[{"href":"https:\/\/www.yodogawa.com.vn\/My\/wp-json\/wp\/v2\/media?parent=2881"}],"curies":[{"name":"wp","href":"https:\/\/api.w.org\/{rel}","templated":true}]}}