{"id":2897,"date":"2020-05-08T04:10:41","date_gmt":"2020-05-07T19:10:41","guid":{"rendered":""},"modified":"2020-05-08T04:10:41","modified_gmt":"2020-05-07T19:10:41","slug":"%e1%80%97%e1%80%ae%e1%80%87%e1%80%ac%e1%80%9c%e1%80%bb%e1%80%be%e1%80%b1%e1%80%ac%e1%80%80%e1%80%ba%e1%80%9c%e1%80%bd%e1%80%be%e1%80%ac%e1%80%a1%e1%80%90%e1%80%bd%e1%80%80%e1%80%ba-%e1%80%93%e1%80%ac","status":"publish","type":"page","link":"https:\/\/www.yodogawa.com.vn\/My\/%e1%80%9c%e1%80%80%e1%80%ba%e1%80%9b%e1%80%be%e1%80%adyodogawa-kumiai%e1%80%9b%e1%80%be%e1%80%ad%e1%80%94%e1%80%8a%e1%80%ba%e1%80%b8%e1%80%95%e1%80%8a%e1%80%ac%e1%80%a1%e1%80%9c%e1%80%af%e1%80%95\/%e1%80%97%e1%80%ae%e1%80%87%e1%80%ac%e1%80%9c%e1%80%bb%e1%80%be%e1%80%b1%e1%80%ac%e1%80%80%e1%80%ba%e1%80%9c%e1%80%bd%e1%80%be%e1%80%ac%e1%80%a1%e1%80%90%e1%80%bd%e1%80%80%e1%80%ba-%e1%80%93%e1%80%ac\/","title":{"rendered":"\u1017\u102e\u1007\u102c\u101c\u103b\u103e\u1031\u102c\u1000\u103a\u101c\u103d\u103e\u102c\u1021\u1010\u103d\u1000\u103a \u1013\u102c\u1010\u103a\u1015\u102f\u1036"},"content":{"rendered":"\n<div class=\"row\"  id=\"row-471549938\">\n\n\n\t<div id=\"col-1825097504\" class=\"col small-12 large-12\"  >\n\t\t\t\t<div class=\"col-inner\"  >\n\t\t\t\n\t\t\t\n\n\t<div id=\"gap-1542661039\" class=\"gap-element clearfix\" style=\"display:block; height:auto;\">\n\t\t\n<style>\n#gap-1542661039 {\n  padding-top: 30px;\n}\n<\/style>\n\t<\/div>\n\t\n\n<h1 style=\"font-size: 25.92px;\">\u1017\u102e\u1007\u102c\u101c\u103b\u103e\u1031\u102c\u1000\u103a\u101c\u103d\u103e\u102c\u1021\u1010\u103d\u1000\u103a \u1013\u102c\u1010\u103a\u1015\u102f\u1036<\/h1>\n<h2>\u1021\u102c\u101b\u102f\u1036<\/h2>\n<ol>\n<li>\u1041\u104b <span style=\"color: #ed1c24; font-size: 120%;\">\u1015\u102f\u1036\u1014\u103e\u102d\u1015\u103a\u1011\u102c\u1038<\/span><span style=\"background-color: #ffff00; color: #ed1c24;\">\u101e\u1031\u102c \u1013\u102c\u1010\u103a\u1015\u102f\u1036\u1019\u103b\u102c\u1038\u1000\u102d\u102f \u1019\u101b\u102d\u102f\u1000\u103a\u1015\u102b\u1014\u103e\u1004\u1037\u103a<\/span><\/li>\n<li>\u1042\u104b <span style=\"color: #ed1c24; font-size: 120%;\">\u101b\u103e\u1031\u1037<\/span><span style=\"text-decoration: underline;\">\u1000\u1004\u103a\u1019\u101b\u102c\u1000\u102d\u102f <span style=\"color: #ed1c24;\"><strong>\u1019\u101e\u102f\u1036\u1038\u1015\u102b\u1014\u103e\u1004\u1037\u103a<\/strong><\/span><\/span> <\/li>\n<li>\u1043\u104b <span style=\"color: #ed1c24; font-size: 120%;\">\u1015\u102f\u1036\u101f\u1031<\/span><span style=\"text-decoration: underline;\">\u102c\u1004\u103a\u1038\u1019\u103b\u102c\u1038\u1000\u102d\u102f <strong>\u1019<span style=\"color: #ed1c24; text-decoration: underline;\">\u101e\u102f\u1036\u1038\u1015\u102b\u1014\u103e\u1004\u1037\u103a<\/span><\/strong><\/span><\/li>\n<li><span style=\"color: #ed1c24; font-size: 120%;\">\u1044\u104b \u1013\u102c<\/span><span style=\"text-decoration: underline;\">\u1010\u103a\u1015\u102f\u1036\u1021\u1000\u103a\u1015\u103a\u1000\u102d\u102f \u1019\u101e\u102f\u1036\u1038\u1015\u102b\u1014\u103e\u1004\u1037\u103a<span style=\"color: #ed1c24;\"><strong><\/strong><\/span><\/span><\/li>\n<\/ol>\n<h2>\u1013\u102c\u1010\u103a\u1015\u102f\u1036\u101b\u102d\u102f\u1000\u103a\u1014\u100a\u103a\u1038<\/h2>\n<ol>\n<li>1. \u1014\u1036\u101b\u1036\u1016\u103c\u1030 (\u1014\u1036\u101b\u1036\u1014\u103e\u1004\u1037\u103a \u101d\u1031\u1038\u101e\u1031\u102c) \u1018\u1000\u103a\u1010\u103d\u1004\u103a \u101b\u1015\u103a\u1015\u102b\u104b<\/li>\n<li>2. \u1014\u1031\u102c\u1000\u103a\u1000\u103d\u101a\u103a\u1019\u103e \u1021\u1014\u1000\u103a\u101b\u1031\u102c\u1004\u103a \u1021\u101b\u102d\u1015\u103a\u1019\u103b\u102c\u1038 \u1019\u101c\u102c\u1005\u1031\u101b\u1014\u103a \u101e\u1010\u102d\u1011\u102c\u1038\u1015\u102b\u104b<\/li>\n<li>3. \u101e\u103d\u102c\u1038\u1019\u103b\u102c\u1038\u1000\u102d\u102f\u1015\u103c\u1000\u102c \u1015\u103c\u102f\u1036\u1038\u1019\u1015\u103c\u1015\u102b\u1014\u103e\u1004\u1037\u103a<\/li>\n<li>4. \u1019\u103b\u1000\u103a\u1014\u103e\u102c\u1000\u102d\u102f \u1006\u1036\u1015\u1004\u103a\u1016\u103c\u1004\u1037\u103a \u1016\u102f\u1036\u1038\u1021\u102f\u1015\u103a\u1019\u1011\u102c\u1038\u101b\u1015\u102b\u104b<\/li>\n<\/ol>\n<h2>\u1014\u1019\u1030\u1014\u102c:<\/h2>\n<p style=\"text-align: center;\"><span style=\"color: #ed1c24;\"><span style=\"color: #00a859;\"><strong><span style=\"font-size: 130%;\">\u2611 \u101c\u102d\u102f\u1021\u1015\u103a\u1001\u103b\u1000\u103a\u1019\u103b\u102c\u1038<\/span><\/strong><\/span><\/span>                                            <img loading=\"lazy\" decoding=\"async\" class=\"wp-image-1954 aligncenter\" src=\"https:\/\/www.yodogawa.com.vn\/wp-content\/uploads\/2023\/07\/21557714_1961646044124377_2403377848849309064_n.jpg\" alt=\"\" width=\"266\" height=\"399\" srcset=\"https:\/\/www.yodogawa.com.vn\/wp-content\/uploads\/2023\/07\/21557714_1961646044124377_2403377848849309064_n.jpg 640w, https:\/\/www.yodogawa.com.vn\/wp-content\/uploads\/2023\/07\/21557714_1961646044124377_2403377848849309064_n-200x300.jpg 200w\" sizes=\"(max-width: 266px) 100vw, 266px\" \/><\/p>\n<p> <\/p>\n<p style=\"text-align: center;\"><span style=\"font-size: 130%;\"><strong><span style=\"color: #00a859;\">\u2179 \u101c\u102d\u102f\u1021\u1015\u103a\u1001\u103b\u1000\u103a\u1019\u103b\u102c\u1038\u1014\u103e\u1004\u1037\u103a \u1019\u1000\u102d\u102f\u1000\u103a\u100a\u102e\u1015\u102b\u104b<\/span><\/strong><\/span><img loading=\"lazy\" decoding=\"async\" class=\"size-full wp-image-1956 aligncenter\" src=\"https:\/\/www.yodogawa.com.vn\/wp-content\/uploads\/2023\/07\/hinh.jpg\" alt=\"\" width=\"615\" height=\"764\" srcset=\"https:\/\/www.yodogawa.com.vn\/wp-content\/uploads\/2023\/07\/hinh.jpg 615w, https:\/\/www.yodogawa.com.vn\/wp-content\/uploads\/2023\/07\/hinh-241x300.jpg 241w\" sizes=\"(max-width: 615px) 100vw, 615px\" \/><\/p>\n<h2 style=\"text-align: left;\">\u1000\u102d\u102f\u101a\u103a\u101b\u1031\u1038\u1000\u102d\u102f\u101a\u103a\u1010\u102c\u1021\u1001\u103b\u1000\u103a\u1021\u101c\u1000\u103a\u1014\u103e\u1004\u1037\u103a \u101b\u102f\u1015\u103a\u1015\u102f\u1036\u1016\u102d\u102f\u1004\u103a\u1019\u103b\u102c\u1038 <\/h2>\n<p style=\"text-align: left;\"><div class=\"wpforms-container wpforms-container-full\" id=\"wpforms-1285\"><form id=\"wpforms-form-1285\" class=\"wpforms-validate wpforms-form wpforms-ajax-form\" data-formid=\"1285\" method=\"post\" enctype=\"multipart\/form-data\" action=\"\/My\/wp-json\/wp\/v2\/pages\/2897?wpforms_form_id=1285\" data-token=\"f3dba891aec743e148820d4752fbf2f3\"><noscript class=\"wpforms-error-noscript\">Please enable JavaScript in your browser to complete this form.<\/noscript><div class=\"wpforms-field-container\"><div id=\"wpforms-1285-field_3-container\" class=\"wpforms-field wpforms-field-text\" data-field-id=\"3\"><label class=\"wpforms-field-label\" for=\"wpforms-1285-field_3\">H\u1ecd v\u00e0 T\u00ean (Name) <span class=\"wpforms-required-label\">*<\/span><\/label><input type=\"text\" id=\"wpforms-1285-field_3\" class=\"wpforms-field-small wpforms-field-required\" name=\"wpforms[fields][3]\" placeholder=\"NGUYEN VAN A\" required><\/div><div id=\"wpforms-1285-field_4-container\" class=\"wpforms-field wpforms-field-text\" data-field-id=\"4\"><label class=\"wpforms-field-label\" for=\"wpforms-1285-field_4\">T\u00ean c\u00f4ng ty (Company) <span class=\"wpforms-required-label\">*<\/span><\/label><input type=\"text\" id=\"wpforms-1285-field_4\" class=\"wpforms-field-small wpforms-field-required\" name=\"wpforms[fields][4]\" placeholder=\"YODOGAWA KUMIAI\" required><\/div><div id=\"wpforms-1285-field_19-container\" class=\"wpforms-field wpforms-field-date-time\" data-field-id=\"19\"><label class=\"wpforms-field-label\" for=\"wpforms-1285-field_19\">Ng\u00e0y th\u00e1ng n\u0103m sinh (Day of Birth) <span class=\"wpforms-required-label\">*<\/span><\/label><select name=\"wpforms[fields][19][date][m]\" id=\"wpforms-field_19-month\" class=\"wpforms-field-date-time-date-month wpforms-field-required\"  required><option value=\"\" class=\"placeholder\" selected disabled>MM<\/option><option value=\"1\" >1<\/option><option value=\"2\" >2<\/option><option value=\"3\" >3<\/option><option value=\"4\" >4<\/option><option value=\"5\" >5<\/option><option value=\"6\" >6<\/option><option value=\"7\" >7<\/option><option value=\"8\" >8<\/option><option value=\"9\" >9<\/option><option value=\"10\" >10<\/option><option value=\"11\" >11<\/option><option value=\"12\" >12<\/option><\/select><span class=\"wpforms-field-date-time-date-sep\">\/<\/span><select name=\"wpforms[fields][19][date][d]\" id=\"wpforms-field_19-day\" class=\"wpforms-field-date-time-date-day wpforms-field-required\"  required><option value=\"\" class=\"placeholder\" selected disabled>DD<\/option><option value=\"1\" >1<\/option><option value=\"2\" >2<\/option><option value=\"3\" >3<\/option><option value=\"4\" >4<\/option><option value=\"5\" >5<\/option><option value=\"6\" >6<\/option><option value=\"7\" >7<\/option><option value=\"8\" >8<\/option><option value=\"9\" >9<\/option><option value=\"10\" >10<\/option><option value=\"11\" >11<\/option><option value=\"12\" >12<\/option><option value=\"13\" >13<\/option><option value=\"14\" >14<\/option><option value=\"15\" >15<\/option><option value=\"16\" >16<\/option><option value=\"17\" >17<\/option><option value=\"18\" >18<\/option><option value=\"19\" >19<\/option><option value=\"20\" >20<\/option><option value=\"21\" >21<\/option><option value=\"22\" >22<\/option><option value=\"23\" >23<\/option><option value=\"24\" >24<\/option><option value=\"25\" >25<\/option><option value=\"26\" >26<\/option><option value=\"27\" >27<\/option><option value=\"28\" >28<\/option><option value=\"29\" >29<\/option><option value=\"30\" >30<\/option><option value=\"31\" >31<\/option><\/select><span class=\"wpforms-field-date-time-date-sep\">\/<\/span><select name=\"wpforms[fields][19][date][y]\" id=\"wpforms-field_19-year\" class=\"wpforms-field-date-time-date-year wpforms-field-required\"  required><option value=\"\" class=\"placeholder\" selected disabled>YYYY<\/option><option value=\"2026\" >2026<\/option><option value=\"2025\" >2025<\/option><option value=\"2024\" >2024<\/option><option value=\"2023\" >2023<\/option><option value=\"2022\" >2022<\/option><option value=\"2021\" >2021<\/option><option value=\"2020\" >2020<\/option><option value=\"2019\" >2019<\/option><option value=\"2018\" >2018<\/option><option value=\"2017\" >2017<\/option><option value=\"2016\" >2016<\/option><option value=\"2015\" >2015<\/option><option value=\"2014\" >2014<\/option><option value=\"2013\" >2013<\/option><option value=\"2012\" >2012<\/option><option value=\"2011\" >2011<\/option><option value=\"2010\" >2010<\/option><option value=\"2009\" >2009<\/option><option value=\"2008\" >2008<\/option><option value=\"2007\" >2007<\/option><option value=\"2006\" >2006<\/option><option value=\"2005\" >2005<\/option><option value=\"2004\" >2004<\/option><option value=\"2003\" >2003<\/option><option value=\"2002\" >2002<\/option><option value=\"2001\" >2001<\/option><option value=\"2000\" >2000<\/option><option value=\"1999\" >1999<\/option><option value=\"1998\" >1998<\/option><option value=\"1997\" >1997<\/option><option value=\"1996\" >1996<\/option><option value=\"1995\" >1995<\/option><option value=\"1994\" >1994<\/option><option value=\"1993\" >1993<\/option><option value=\"1992\" >1992<\/option><option value=\"1991\" >1991<\/option><option value=\"1990\" >1990<\/option><option value=\"1989\" >1989<\/option><option value=\"1988\" >1988<\/option><option value=\"1987\" >1987<\/option><option value=\"1986\" >1986<\/option><option value=\"1985\" >1985<\/option><option value=\"1984\" >1984<\/option><option value=\"1983\" >1983<\/option><option value=\"1982\" >1982<\/option><option value=\"1981\" >1981<\/option><option value=\"1980\" >1980<\/option><option value=\"1979\" >1979<\/option><option value=\"1978\" >1978<\/option><option value=\"1977\" >1977<\/option><option value=\"1976\" >1976<\/option><option value=\"1975\" >1975<\/option><option value=\"1974\" >1974<\/option><option value=\"1973\" >1973<\/option><option value=\"1972\" >1972<\/option><option value=\"1971\" >1971<\/option><option value=\"1970\" >1970<\/option><option value=\"1969\" >1969<\/option><option value=\"1968\" >1968<\/option><option value=\"1967\" >1967<\/option><option value=\"1966\" >1966<\/option><option value=\"1965\" >1965<\/option><option value=\"1964\" >1964<\/option><option value=\"1963\" >1963<\/option><option value=\"1962\" >1962<\/option><option value=\"1961\" >1961<\/option><option value=\"1960\" >1960<\/option><option value=\"1959\" >1959<\/option><option value=\"1958\" >1958<\/option><option value=\"1957\" >1957<\/option><option value=\"1956\" >1956<\/option><option value=\"1955\" >1955<\/option><option value=\"1954\" >1954<\/option><option value=\"1953\" >1953<\/option><option value=\"1952\" >1952<\/option><option value=\"1951\" >1951<\/option><option value=\"1950\" >1950<\/option><option value=\"1949\" >1949<\/option><option value=\"1948\" >1948<\/option><option value=\"1947\" >1947<\/option><option value=\"1946\" >1946<\/option><option value=\"1945\" >1945<\/option><option value=\"1944\" >1944<\/option><option value=\"1943\" >1943<\/option><option value=\"1942\" >1942<\/option><option value=\"1941\" >1941<\/option><option value=\"1940\" >1940<\/option><option value=\"1939\" >1939<\/option><option value=\"1938\" >1938<\/option><option value=\"1937\" >1937<\/option><option value=\"1936\" >1936<\/option><option value=\"1935\" >1935<\/option><option value=\"1934\" >1934<\/option><option value=\"1933\" >1933<\/option><option value=\"1932\" >1932<\/option><option value=\"1931\" >1931<\/option><option value=\"1930\" >1930<\/option><option value=\"1929\" >1929<\/option><option value=\"1928\" >1928<\/option><option value=\"1927\" >1927<\/option><option value=\"1926\" >1926<\/option><option value=\"1925\" >1925<\/option><option value=\"1924\" >1924<\/option><option value=\"1923\" >1923<\/option><option value=\"1922\" >1922<\/option><option value=\"1921\" >1921<\/option><option value=\"1920\" >1920<\/option><\/select><\/div><div id=\"wpforms-1285-field_6-container\" class=\"wpforms-field wpforms-field-file-upload\" data-field-id=\"6\"><label class=\"wpforms-field-label\" for=\"wpforms-1285-field_6\">File t\u1ea3i l\u00ean (ID photo) <span class=\"wpforms-required-label\">*<\/span><\/label><input type=\"file\" id=\"wpforms-1285-field_6\" class=\"wpforms-field-required\" data-rule-extension=\"jpg,jpeg,jpe,gif,png,bmp,tiff,tif,webp,avif,ico,heic,asf,asx,wmv,wmx,wm,avi,divx,mov,qt,mpeg,mpg,mpe,mp4,m4v,ogv,webm,mkv,3gp,3gpp,3g2,3gp2,txt,asc,c,cc,h,srt,csv,tsv,ics,rtx,css,vtt,mp3,m4a,m4b,aac,ra,ram,wav,ogg,oga,flac,mid,midi,wma,wax,mka,rtf,pdf,class,tar,zip,gz,gzip,rar,7z,psd,xcf,doc,pot,pps,ppt,wri,xla,xls,xlt,xlw,mpp,docx,docm,dotx,dotm,xlsx,xlsm,xlsb,xltx,xltm,xlam,pptx,pptm,ppsx,ppsm,potx,potm,ppam,sldx,sldm,onetoc,onetoc2,onepkg,oxps,xps,odt,odp,ods,odg,odc,odb,odf,wp,wpd,key,numbers,pages,json\" data-rule-maxsize=\"134217728\" name=\"wpforms_1285_6\" accept=\".jpg,.jpeg,.jpe,.gif,.png,.bmp,.tiff,.tif,.webp,.avif,.ico,.heic,.asf,.asx,.wmv,.wmx,.wm,.avi,.divx,.mov,.qt,.mpeg,.mpg,.mpe,.mp4,.m4v,.ogv,.webm,.mkv,.3gp,.3gpp,.3g2,.3gp2,.txt,.asc,.c,.cc,.h,.srt,.csv,.tsv,.ics,.rtx,.css,.vtt,.mp3,.m4a,.m4b,.aac,.ra,.ram,.wav,.ogg,.oga,.flac,.mid,.midi,.wma,.wax,.mka,.rtf,.pdf,.class,.tar,.zip,.gz,.gzip,.rar,.7z,.psd,.xcf,.doc,.pot,.pps,.ppt,.wri,.xla,.xls,.xlt,.xlw,.mpp,.docx,.docm,.dotx,.dotm,.xlsx,.xlsm,.xlsb,.xltx,.xltm,.xlam,.pptx,.pptm,.ppsx,.ppsm,.potx,.potm,.ppam,.sldx,.sldm,.onetoc,.onetoc2,.onepkg,.oxps,.xps,.odt,.odp,.ods,.odg,.odc,.odb,.odf,.wp,.wpd,.key,.numbers,.pages,.json\" required><\/div><div id=\"wpforms-1285-field_14-container\" class=\"wpforms-field wpforms-field-radio\" data-field-id=\"14\"><label class=\"wpforms-field-label\" for=\"wpforms-1285-field_14\">B\u1ea1n \u0111\u00e3 k\u1ebft h\u00f4n ch\u01b0a? Are you married? <span class=\"wpforms-required-label\">*<\/span><\/label><ul id=\"wpforms-1285-field_14\" class=\"wpforms-field-required\"><li class=\"choice-1 depth-1\"><input type=\"radio\" id=\"wpforms-1285-field_14_1\" name=\"wpforms[fields][14]\" value=\"\u0110\u00e3 k\u1ebft h\u00f4n (Yes)\" required ><label class=\"wpforms-field-label-inline\" for=\"wpforms-1285-field_14_1\">\u0110\u00e3 k\u1ebft h\u00f4n (Yes)<\/label><\/li><li class=\"choice-2 depth-1\"><input type=\"radio\" id=\"wpforms-1285-field_14_2\" name=\"wpforms[fields][14]\" value=\"Ch\u01b0a k\u1ebft h\u00f4n (Not yet)\" required ><label class=\"wpforms-field-label-inline\" for=\"wpforms-1285-field_14_2\">Ch\u01b0a k\u1ebft h\u00f4n (Not yet)<\/label><\/li><\/ul><\/div><div id=\"wpforms-1285-field_13-container\" class=\"wpforms-field wpforms-field-radio\" data-field-id=\"13\"><label class=\"wpforms-field-label\" for=\"wpforms-1285-field_13\">C\u00f3 ng\u01b0\u1eddi th\u00e2n \u1edf Nh\u1eadt kh\u00f4ng? (Do you have any family members here in Japan?) <span class=\"wpforms-required-label\">*<\/span><\/label><ul id=\"wpforms-1285-field_13\" class=\"wpforms-field-required\"><li class=\"choice-1 depth-1\"><input type=\"radio\" id=\"wpforms-1285-field_13_1\" name=\"wpforms[fields][13]\" value=\"C\u00f3 (Yes)\" required ><label class=\"wpforms-field-label-inline\" for=\"wpforms-1285-field_13_1\">C\u00f3 (Yes)<\/label><\/li><li class=\"choice-2 depth-1\"><input type=\"radio\" id=\"wpforms-1285-field_13_2\" name=\"wpforms[fields][13]\" value=\"Kh\u00f4ng (No)\" required ><label class=\"wpforms-field-label-inline\" for=\"wpforms-1285-field_13_2\">Kh\u00f4ng (No)<\/label><\/li><\/ul><div class=\"wpforms-field-description\">Ng\u01b0\u1eddi th\u00e2n : BA - M\u1eb8 , ANH - CH\u1eca - EM ru\u1ed9t , V\u1ee2 (CH\u1ed2NG)\r\n (Family member must be your father, mother, siblings or wife\/husband, other that those are not family member)<\/div><\/div><\/div><div class=\"wpforms-submit-container\" ><input type=\"hidden\" name=\"wpforms[id]\" value=\"1285\"><input type=\"hidden\" name=\"wpforms[author]\" value=\"1\"><button type=\"submit\" name=\"wpforms[submit]\" class=\"wpforms-submit \" id=\"wpforms-submit-1285\" value=\"wpforms-submit\" aria-live=\"assertive\" data-alt-text=\"Xin vui l\u00f2ng ch\u1edd trong gi\u00e2y l\u00e1t.H\u00ecnh \u1ea3nh \u0111ang \u0111\u01b0\u1ee3c g\u1eedi \u0111i.. \" data-submit-text=\"G\u1eedi \u0111i( Submit)\">G\u1eedi \u0111i( Submit)<\/button><img loading=\"lazy\" decoding=\"async\" src=\"https:\/\/www.yodogawa.com.vn\/wp-content\/plugins\/wpforms\/assets\/images\/submit-spin.svg\" class=\"wpforms-submit-spinner\" style=\"display: none;\" width=\"26\" height=\"26\" alt=\"\"><\/div><\/form><\/div>  <!-- .wpforms-container -->\n\n\t\t<\/div>\n\t\t\t\t\t<\/div>\n\n\t\n\n<\/div>\n\n","protected":false},"excerpt":{"rendered":"","protected":false},"author":1,"featured_media":0,"parent":2895,"menu_order":0,"comment_status":"closed","ping_status":"closed","template":"","meta":{"footnotes":""},"_links":{"self":[{"href":"https:\/\/www.yodogawa.com.vn\/My\/wp-json\/wp\/v2\/pages\/2897"}],"collection":[{"href":"https:\/\/www.yodogawa.com.vn\/My\/wp-json\/wp\/v2\/pages"}],"about":[{"href":"https:\/\/www.yodogawa.com.vn\/My\/wp-json\/wp\/v2\/types\/page"}],"author":[{"embeddable":true,"href":"https:\/\/www.yodogawa.com.vn\/My\/wp-json\/wp\/v2\/users\/1"}],"replies":[{"embeddable":true,"href":"https:\/\/www.yodogawa.com.vn\/My\/wp-json\/wp\/v2\/comments?post=2897"}],"version-history":[{"count":0,"href":"https:\/\/www.yodogawa.com.vn\/My\/wp-json\/wp\/v2\/pages\/2897\/revisions"}],"up":[{"embeddable":true,"href":"https:\/\/www.yodogawa.com.vn\/My\/wp-json\/wp\/v2\/pages\/2895"}],"wp:attachment":[{"href":"https:\/\/www.yodogawa.com.vn\/My\/wp-json\/wp\/v2\/media?parent=2897"}],"curies":[{"name":"wp","href":"https:\/\/api.w.org\/{rel}","templated":true}]}}