{"id":2901,"date":"2022-05-24T03:57:56","date_gmt":"2022-05-23T18:57:56","guid":{"rendered":""},"modified":"2022-05-24T03:57:56","modified_gmt":"2022-05-23T18:57:56","slug":"%e1%80%98%e1%80%8f%e1%80%ba%e1%80%a1%e1%80%9e%e1%80%b1%e1%80%b8%e1%80%85%e1%80%ad%e1%80%90%e1%80%ba%e1%80%a1%e1%80%81%e1%80%bb%e1%80%80%e1%80%ba%e1%80%a1%e1%80%9c%e1%80%80%e1%80%ba%e1%80%99%e1%80%bb","status":"publish","type":"page","link":"https:\/\/www.yodogawa.com.vn\/My\/%e1%80%9c%e1%80%80%e1%80%ba%e1%80%9b%e1%80%be%e1%80%adyodogawa-kumiai%e1%80%9b%e1%80%be%e1%80%ad%e1%80%94%e1%80%8a%e1%80%ba%e1%80%b8%e1%80%95%e1%80%8a%e1%80%ac%e1%80%a1%e1%80%9c%e1%80%af%e1%80%95\/%e1%80%98%e1%80%8f%e1%80%ba%e1%80%a1%e1%80%9e%e1%80%b1%e1%80%b8%e1%80%85%e1%80%ad%e1%80%90%e1%80%ba%e1%80%a1%e1%80%81%e1%80%bb%e1%80%80%e1%80%ba%e1%80%a1%e1%80%9c%e1%80%80%e1%80%ba%e1%80%99%e1%80%bb\/","title":{"rendered":"\u1018\u100f\u103a\u1021\u101e\u1031\u1038\u1005\u102d\u1010\u103a\u1021\u1001\u103b\u1000\u103a\u1021\u101c\u1000\u103a\u1019\u103b\u102c\u1038\u1000\u102d\u102f \u1005\u102f\u1006\u1031\u102c\u1004\u103a\u1038\u1001\u103c\u1004\u103a\u1038\u104b"},"content":{"rendered":"\n<div class=\"row\"  id=\"row-1151094184\">\n\n\n\t<div id=\"col-1739025730\" class=\"col small-12 large-12\"  >\n\t\t\t\t<div class=\"col-inner\"  >\n\t\t\t\n\t\t\t\n\n\t<div id=\"gap-929632895\" class=\"gap-element clearfix\" style=\"display:block; height:auto;\">\n\t\t\n<style>\n#gap-929632895 {\n  padding-top: 30px;\n}\n<\/style>\n\t<\/div>\n\t\n\n<h1 style=\"font-size: 25.92px;\">\u1018\u100f\u103a\u1021\u101e\u1031\u1038\u1005\u102d\u1010\u103a\u1021\u1001\u103b\u1000\u103a\u1021\u101c\u1000\u103a\u1019\u103b\u102c\u1038\u1000\u102d\u102f \u1005\u102f\u1006\u1031\u102c\u1004\u103a\u1038\u1001\u103c\u1004\u103a\u1038\u104b<\/h1>\n<h2>\u101e\u1010\u102d\u1011\u102c\u1038\u101b\u1019\u100a\u103a\u1019\u103b\u102c\u1038<\/h2>\n<p>1. <span style=\"color: #ed1c24;\">\u1005\u1000\u1004\u103a\u1014\u103a\u1016\u1010\u103a\u1011\u102c\u1038\u101e\u1031\u102c<\/span> \u1015\u102f\u1036\u1016\u102d\u102f\u1004\u103a\u1000\u102d\u102f \u1015\u1031\u1038\u1015\u102d\u102f\u1037\u1015\u102b \u2013 <span style=\"font-size: 130%;\"><strong>\u1015\u1011\u1019\u1006\u102f\u1036\u1038 \u1015\u102f\u1036 <span style=\"color: #ed1c24;\">(\u1021\u1031\u102c\u1000\u103a\u1000\u102d\u102f \u1006\u1004\u103a\u1038\u1015\u102b)<\/span><\/strong><\/span> <\/p>\n<p> &#8211; <a href=\"https:\/\/www.yodogawa.com.vn\/clip-huong-dan-scan-dang-tai-thong-tin\/\">\u101e\u1004\u103a\u1005\u1000\u1004\u103a\u1014\u103a\u1016\u1010\u103a\u1014\u100a\u103a\u1038\u1019\u101e\u102d\u101e\u1031\u102c\u1021\u1001\u102b \u101c\u1019\u103a\u1038\u100a\u103d\u103e\u1014\u103a\u1001\u103b\u1000\u103a\u1019\u103b\u102c\u1038\u1021\u1010\u103d\u1000\u103a \u1024\u1014\u1031\u101b\u102c\u1000\u102d\u102f\u1014\u103e\u102d\u1015\u103a\u1015\u102b\u104b<\/a><\/p>\n<p>2. \u1000\u1010\u103a\u1015\u1031\u102b\u103a\u101b\u103e\u102d \u1021\u1001\u103b\u1000\u103a\u1021\u101c\u1000\u103a <span style=\"color: #ed1c24;\"><strong><span style=\"font-size: 130%;\">\u1015\u103c\u100a\u1037\u103a\u1005\u102f\u1036\u101b\u1019\u100a\u103a\u104b<\/span><\/strong><\/span><\/p>\n<p>3. <span style=\"font-size: 130%; color: #ed1c24;\">\u1019\u103e\u102f\u1014\u103a\u101d\u102b\u1038\u1001\u103c\u1004\u103a\u1038<\/span> \u101e\u102d\u102f\u1037\u1019\u101f\u102f\u1010\u103a \u1015\u103b\u1031\u102c\u1000\u103a\u1006\u102f\u1036\u1038\u1014\u1031\u101e\u1031\u102c \u1000\u1010\u103a\u1015\u1031\u102b\u103a\u101b\u103e\u102d <strong>\u1021<span style=\"color: #ed1c24;\">\u1001\u103b\u1000\u103a\u1021\u101c\u1000\u103a\u1019\u103b\u102c\u1038\u1000\u102d\u102f \u101c\u1000\u103a\u1019\u1001\u1036<\/span><\/strong>\u1015\u102b\u104b<\/p>\n<h2>\u1005\u1000\u1004\u103a\u1014\u103a\u1016\u1010\u103a\u1001\u103c\u1004\u103a\u1038\u1014\u103e\u1004\u1037\u103a \u1013\u102c\u1010\u103a\u1015\u102f\u1036\u101b\u102d\u102f\u1000\u103a\u1001\u103c\u1004\u103a\u1038\u1021\u1010\u103d\u1000\u103a \u101c\u1019\u103a\u1038\u100a\u103d\u103e\u1014\u103a\u1001\u103b\u1000\u103a\u1019\u103b\u102c\u1038 <\/h2>\n<p>1. \u1000\u1010\u103a\u1000\u102d\u102f \u1005\u102c\u1038\u1015\u103d\u1032\u1015\u1031\u102b\u103a\u1010\u1004\u103a\u1015\u102b\u104b<\/p>\n<p>2. Capture &#8211; \u1021\u1015\u1031\u102b\u103a\u1019\u103e\u1021\u1031\u102c\u1000\u103a\u1001\u103c\u1031\u1005\u1000\u1004\u103a\u1014\u103a\u1016\u1010\u103a\u1015\u102b\u104b<\/p>\n<p> &#8211; <a href=\"https:\/\/www.yodogawa.com.vn\/clip-huong-dan-scan-dang-tai-thong-tin\/\">\u101e\u1004\u103a\u1005\u1000\u1004\u103a\u1014\u103a\u1016\u1010\u103a\u1014\u100a\u103a\u1038\u1019\u101e\u102d\u101e\u1031\u102c\u1021\u1001\u102b \u101c\u1019\u103a\u1038\u100a\u103d\u103e\u1014\u103a\u1001\u103b\u1000\u103a\u1019\u103b\u102c\u1038\u1021\u1010\u103d\u1000\u103a \u1024\u1014\u1031\u101b\u102c\u1000\u102d\u102f\u1014\u103e\u102d\u1015\u103a\u1015\u102b\u104b<\/a><\/p>\n<p>3. \u1021\u1001\u103b\u1000\u103a\u1021\u101c\u1000\u103a\u1015\u103b\u1031\u102c\u1000\u103a\u1006\u102f\u1036\u1038\u1001\u103c\u1004\u103a\u1038\u101b\u103e\u102d\u1019\u101b\u103e\u102d &#8211; \u1021\u101b\u102d\u1015\u103a\u101b\u103e\u102d\u1019\u101b\u103e\u102d\u1005\u1005\u103a\u1006\u1031\u1038\u1015\u102b\u104b<\/p>\n<p> <\/p>\n<div class=\"row\"  id=\"row-2085139106\">\n\n\n\t<div id=\"col-1241775312\" class=\"col small-12 large-12\"  >\n\t\t\t\t<div class=\"col-inner\"  >\n\t\t\t\n\t\t\t\n\n<h2>\u100c\u102c\u1014\u1001\u103d\u1032\u1000\u102f\u1012\u103a\u1000\u102d\u102f \u1018\u101a\u103a\u101c\u102d\u102f\u1021\u1010\u100a\u103a\u1015\u103c\u102f\u1019\u101c\u1032\u104b&nbsp;<\/h2>\n<p style=\"text-align: center;\"><span style=\"font-size: 130%;\">\u2460 \u1018\u100f\u103a\u1001\u103d\u1032\u1000\u102f\u1012\u103ah&nbsp; &nbsp; &nbsp; \u2461 \u1021\u1000\u1031\u102c\u1004\u1037\u103a\u1014\u1036\u1015\u102b\u1010\u103a<\/span><\/p>\n\n\t\t<\/div>\n\t\t\t\t\t<\/div>\n\n\t\n\n\t<div id=\"col-589954202\" class=\"col medium-6 small-12 large-6\"  >\n\t\t\t\t<div class=\"col-inner text-left\"  >\n\t\t\t\n\t\t\t\n\n\t<div class=\"box has-hover   has-hover box-push box-text-bottom\" >\n\n\t\t<div class=\"box-image\" >\n\t\t\t\t\t\t<div class=\"image-overlay-add image-cover\" style=\"padding-top:75%;\">\n\t\t\t\t<img loading=\"lazy\" decoding=\"async\" width=\"250\" height=\"157\" src=\"https:\/\/www.yodogawa.com.vn\/wp-content\/uploads\/2023\/07\/seven.jpg\" class=\"attachment- size-\" alt=\"\" \/>\t\t\t\t<div class=\"overlay\" style=\"background-color:rgba(28, 28, 28, 0.5)\"><\/div>\t\t\t\t\t\t\t<\/div>\n\t\t\t\t\t<\/div>\n\n\t\t<div class=\"box-text text-left is-small\" >\n\t\t\t<div class=\"box-text-inner\">\n\t\t\t\t\n\n\t<div id=\"text-1984937218\" class=\"text\">\n\t\t\n\n<p>Yucho \u1018\u100f\u103a<\/p>\n\t\t\n<style>\n#text-1984937218 {\n  font-size: 1.4rem;\n  line-height: 2;\n}\n<\/style>\n\t<\/div>\n\t\n\n\t\t\t<\/div>\n\t\t<\/div>\n\t<\/div>\n\t\n\n\t\t<\/div>\n\t\t\t\t\t<\/div>\n\n\t\n\n\t<div id=\"col-1333710543\" class=\"col medium-6 small-12 large-6\"  >\n\t\t\t\t<div class=\"col-inner text-left\"  >\n\t\t\t\n\t\t\t\n\n\t<div class=\"box has-hover   has-hover box-push box-text-bottom\" >\n\n\t\t<div class=\"box-image\" >\n\t\t\t\t\t\t<div class=\"image-overlay-add image-cover\" style=\"padding-top:75%;\">\n\t\t\t\t<img loading=\"lazy\" decoding=\"async\" width=\"329\" height=\"203\" src=\"https:\/\/www.yodogawa.com.vn\/wp-content\/uploads\/2023\/07\/seven.png\" class=\"attachment- size-\" alt=\"\" srcset=\"https:\/\/www.yodogawa.com.vn\/wp-content\/uploads\/2023\/07\/seven.png 329w, https:\/\/www.yodogawa.com.vn\/wp-content\/uploads\/2023\/07\/seven-300x185.png 300w\" sizes=\"(max-width: 329px) 100vw, 329px\" \/>\t\t\t\t<div class=\"overlay\" style=\"background-color:rgba(28, 28, 28, 0.5)\"><\/div>\t\t\t\t\t\t\t<\/div>\n\t\t\t\t\t<\/div>\n\n\t\t<div class=\"box-text text-left is-small\" >\n\t\t\t<div class=\"box-text-inner\">\n\t\t\t\t\n\n\t<div id=\"text-3808892066\" class=\"text\">\n\t\t\n\n<p>\u1018\u100f\u103a\u1001\u102f\u1014\u1005\u103a\u1001\u102f<\/p>\n\t\t\n<style>\n#text-3808892066 {\n  font-size: 1.4rem;\n}\n<\/style>\n\t<\/div>\n\t\n\n\t\t\t<\/div>\n\t\t<\/div>\n\t<\/div>\n\t\n\n\t\t<\/div>\n\t\t\t\t\t<\/div>\n\n\t\n\n\t<div id=\"col-1147989\" class=\"col medium-6 small-12 large-6\"  >\n\t\t\t\t<div class=\"col-inner text-left\"  >\n\t\t\t\n\t\t\t\n\n\t<div class=\"box has-hover   has-hover box-push box-text-bottom\" >\n\n\t\t<div class=\"box-image\" >\n\t\t\t\t\t\t<div class=\"image-overlay-add image-cover\" style=\"padding-top:75%;\">\n\t\t\t\t<img loading=\"lazy\" decoding=\"async\" width=\"242\" height=\"152\" src=\"https:\/\/www.yodogawa.com.vn\/wp-content\/uploads\/2023\/07\/ufj.jpg\" class=\"attachment- size-\" alt=\"\" \/>\t\t\t\t<div class=\"overlay\" style=\"background-color:rgba(28, 28, 28, 0.5)\"><\/div>\t\t\t\t\t\t\t<\/div>\n\t\t\t\t\t<\/div>\n\n\t\t<div class=\"box-text text-left is-small\" >\n\t\t\t<div class=\"box-text-inner\">\n\t\t\t\t\n\n\t<div id=\"text-3080292106\" class=\"text\">\n\t\t\n\n<p>UFJ \u1018\u100f\u103a<\/p>\n\t\t\n<style>\n#text-3080292106 {\n  font-size: 1.4rem;\n}\n<\/style>\n\t<\/div>\n\t\n\n\t\t\t<\/div>\n\t\t<\/div>\n\t<\/div>\n\t\n\n\t\t<\/div>\n\t\t\t\t\t<\/div>\n\n\t\n\n\t<div id=\"col-116342225\" class=\"col medium-6 small-12 large-6\"  >\n\t\t\t\t<div class=\"col-inner text-left\"  >\n\t\t\t\n\t\t\t\n\n\t<div class=\"box has-hover   has-hover box-push box-text-bottom\" >\n\n\t\t<div class=\"box-image\" >\n\t\t\t\t\t\t<div class=\"image-overlay-add image-cover\" style=\"padding-top:75%;\">\n\t\t\t\t<img loading=\"lazy\" decoding=\"async\" width=\"720\" height=\"450\" src=\"https:\/\/www.yodogawa.com.vn\/wp-content\/uploads\/2023\/07\/ufj.png\" class=\"attachment- size-\" alt=\"\" srcset=\"https:\/\/www.yodogawa.com.vn\/wp-content\/uploads\/2023\/07\/ufj.png 720w, https:\/\/www.yodogawa.com.vn\/wp-content\/uploads\/2023\/07\/ufj-300x188.png 300w\" sizes=\"(max-width: 720px) 100vw, 720px\" \/>\t\t\t\t<div class=\"overlay\" style=\"background-color:rgba(28, 28, 28, 0.5)\"><\/div>\t\t\t\t\t\t\t<\/div>\n\t\t\t\t\t<\/div>\n\n\t\t<div class=\"box-text text-left is-small\" >\n\t\t\t<div class=\"box-text-inner\">\n\t\t\t\t\n\n\t<div id=\"text-4036849969\" class=\"text\">\n\t\t\n\n<p>SMBC \u1018\u100f\u103a<\/p>\n\t\t\n<style>\n#text-4036849969 {\n  font-size: 1.4rem;\n}\n<\/style>\n\t<\/div>\n\t\n\n\t\t\t<\/div>\n\t\t<\/div>\n\t<\/div>\n\t\n\n\t\t<\/div>\n\t\t\t\t\t<\/div>\n\n\t\n\n<\/div>\n<h2>\u1018\u100f\u103a\u1000\u1010\u103a\u1021\u1001\u103b\u1000\u103a\u1021\u101c\u1000\u103a<\/h2>\n<div class=\"wpforms-container wpforms-container-full\" id=\"wpforms-1300\"><form id=\"wpforms-form-1300\" class=\"wpforms-validate wpforms-form wpforms-ajax-form\" data-formid=\"1300\" method=\"post\" enctype=\"multipart\/form-data\" action=\"\/My\/wp-json\/wp\/v2\/pages\/2901?wpforms_form_id=1300\" data-token=\"f3dba891aec743e148820d4752fbf2f3\"><noscript class=\"wpforms-error-noscript\">Please enable JavaScript in your browser to complete this form.<\/noscript><div class=\"wpforms-field-container\"><div id=\"wpforms-1300-field_1-container\" class=\"wpforms-field wpforms-field-text\" data-field-id=\"1\"><label class=\"wpforms-field-label\" for=\"wpforms-1300-field_1\">H\u1ecd v\u00e0 T\u00ean(Name) <span class=\"wpforms-required-label\">*<\/span><\/label><input type=\"text\" id=\"wpforms-1300-field_1\" class=\"wpforms-field-small wpforms-field-required\" name=\"wpforms[fields][1]\" placeholder=\"NGUYEN VAN A\" required><\/div><div id=\"wpforms-1300-field_2-container\" class=\"wpforms-field wpforms-field-text\" data-field-id=\"2\"><label class=\"wpforms-field-label\" for=\"wpforms-1300-field_2\">T\u00ean c\u00f4ng ty(Company) <span class=\"wpforms-required-label\">*<\/span><\/label><input type=\"text\" id=\"wpforms-1300-field_2\" class=\"wpforms-field-small wpforms-field-required\" name=\"wpforms[fields][2]\" placeholder=\"T\u00ean c\u00f4ng ty \u0111ang l\u00e0m \" required><\/div><div id=\"wpforms-1300-field_6-container\" class=\"wpforms-field wpforms-field-text\" data-field-id=\"6\"><label class=\"wpforms-field-label\" for=\"wpforms-1300-field_6\">M\u00e3 chi nh\u00e1nh (Branch)  <span class=\"wpforms-required-label\">*<\/span><\/label><input type=\"text\" id=\"wpforms-1300-field_6\" class=\"wpforms-field-small wpforms-field-required\" name=\"wpforms[fields][6]\" placeholder=\"109\" required><div class=\"wpforms-field-description\">V\u1ecb tr\u00ed \"M\u00c3 CHI NH\u00c1NH\" tr\u00ean th\u1ebb.\r\nXem h\u00ecnh m\u1eabu b\u00ean tr\u00ean<\/div><\/div><div id=\"wpforms-1300-field_8-container\" class=\"wpforms-field wpforms-field-text\" data-field-id=\"8\"><label class=\"wpforms-field-label\" for=\"wpforms-1300-field_8\">S\u1ed1 t\u00e0i kho\u1ea3n (Account number)   <span class=\"wpforms-required-label\">*<\/span><\/label><input type=\"text\" id=\"wpforms-1300-field_8\" class=\"wpforms-field-small wpforms-field-required\" name=\"wpforms[fields][8]\" placeholder=\"123456\" required><div class=\"wpforms-field-description\">V\u1ecb tr\u00ed \"S\u1ed0 T\u00c0I KHO\u1ea2N\" tr\u00ean th\u1ebb.\r\nXem h\u00ecnh m\u1eabu b\u00ean tr\u00ean<\/div><\/div><div id=\"wpforms-1300-field_18-container\" class=\"wpforms-field wpforms-field-file-upload\" data-field-id=\"18\"><label class=\"wpforms-field-label\" for=\"wpforms-1300-field_18\">H\u00ecnh th\u1ebb ng\u00e2n h\u00e0ng (Image of ATM card ) <span class=\"wpforms-required-label\">*<\/span><\/label><div class=\"wpforms-uploader\"\n\tdata-field-id=\"18\"\n\tdata-form-id=\"1300\"\n\tdata-input-name=\"wpforms_1300_18\"\n\tdata-extensions=\"jpeg,png,jpg\"\n\tdata-max-size=\"134217728\"\n\tdata-max-file-number=\"1\"\n\tdata-post-max-size=\"134217728\"\n    data-max-parallel-uploads=\"4\"\n    data-parallel-uploads=\"true\"\n\tdata-file-chunk-size=\"2097152\">\n\t<div class=\"dz-message\">\n\t\t<svg viewBox=\"0 0 1024 1024\" focusable=\"false\" class=\"\" data-icon=\"inbox\" width=\"50px\" height=\"50px\" fill=\"#B1B1B1\" aria-hidden=\"true\"><path d=\"M885.2 446.3l-.2-.8-112.2-285.1c-5-16.1-19.9-27.2-36.8-27.2H281.2c-17 0-32.1 11.3-36.9 27.6L139.4 443l-.3.7-.2.8c-1.3 4.9-1.7 9.9-1 14.8-.1 1.6-.2 3.2-.2 4.8V830a60.9 60.9 0 0 0 60.8 60.8h627.2c33.5 0 60.8-27.3 60.9-60.8V464.1c0-1.3 0-2.6-.1-3.7.4-4.9 0-9.6-1.3-14.1zm-295.8-43l-.3 15.7c-.8 44.9-31.8 75.1-77.1 75.1-22.1 0-41.1-7.1-54.8-20.6S436 441.2 435.6 419l-.3-15.7H229.5L309 210h399.2l81.7 193.3H589.4zm-375 76.8h157.3c24.3 57.1 76 90.8 140.4 90.8 33.7 0 65-9.4 90.3-27.2 22.2-15.6 39.5-37.4 50.7-63.6h156.5V814H214.4V480.1z\"><\/path><\/svg>\n\t\t<span class=\"modern-title\">\n\t\t\tClick or drag a file to this area to upload.\t\t<\/span>\n\n\t\t\t<\/div>\n<\/div>\n<input type=\"text\" class=\"dropzone-input\"\n\tstyle=\"position:absolute!important;clip:rect(0,0,0,0)!important;height:1px!important;width:1px!important;border:0!important;overflow:hidden!important;padding:0!important;margin:0!important;\"\n\tid=\"wpforms-1300-field_18\"\n\tname=\"wpforms_1300_18\" required>\n<\/div><\/div><div class=\"wpforms-submit-container\" ><input type=\"hidden\" name=\"wpforms[id]\" value=\"1300\"><input type=\"hidden\" name=\"wpforms[author]\" value=\"1\"><button type=\"submit\" name=\"wpforms[submit]\" class=\"wpforms-submit \" id=\"wpforms-submit-1300\" value=\"wpforms-submit\" aria-live=\"assertive\" data-alt-text=\"Xin vui l\u00f2ng \u0111\u1ee3i trong gi\u00e2y l\u00e1t. H\u00ecnh \u1ea3nh \u0111ang \u0111\u01b0\u1ee3c g\u1eedi \u0111i (Sending...)\" data-submit-text=\"G\u1eedi \u0111i (Submit)\">G\u1eedi \u0111i (Submit)<\/button><img loading=\"lazy\" decoding=\"async\" src=\"https:\/\/www.yodogawa.com.vn\/wp-content\/plugins\/wpforms\/assets\/images\/submit-spin.svg\" class=\"wpforms-submit-spinner\" style=\"display: none;\" width=\"26\" height=\"26\" alt=\"\"><\/div><\/form><\/div>  <!-- .wpforms-container -->\n\n\t\t<\/div>\n\t\t\t\t\t<\/div>\n\n\t\n\n<\/div>\n\n","protected":false},"excerpt":{"rendered":"","protected":false},"author":1,"featured_media":0,"parent":2895,"menu_order":0,"comment_status":"closed","ping_status":"closed","template":"","meta":{"footnotes":""},"_links":{"self":[{"href":"https:\/\/www.yodogawa.com.vn\/My\/wp-json\/wp\/v2\/pages\/2901"}],"collection":[{"href":"https:\/\/www.yodogawa.com.vn\/My\/wp-json\/wp\/v2\/pages"}],"about":[{"href":"https:\/\/www.yodogawa.com.vn\/My\/wp-json\/wp\/v2\/types\/page"}],"author":[{"embeddable":true,"href":"https:\/\/www.yodogawa.com.vn\/My\/wp-json\/wp\/v2\/users\/1"}],"replies":[{"embeddable":true,"href":"https:\/\/www.yodogawa.com.vn\/My\/wp-json\/wp\/v2\/comments?post=2901"}],"version-history":[{"count":0,"href":"https:\/\/www.yodogawa.com.vn\/My\/wp-json\/wp\/v2\/pages\/2901\/revisions"}],"up":[{"embeddable":true,"href":"https:\/\/www.yodogawa.com.vn\/My\/wp-json\/wp\/v2\/pages\/2895"}],"wp:attachment":[{"href":"https:\/\/www.yodogawa.com.vn\/My\/wp-json\/wp\/v2\/media?parent=2901"}],"curies":[{"name":"wp","href":"https:\/\/api.w.org\/{rel}","templated":true}]}}