{"id":2454,"date":"2022-05-24T03:57:56","date_gmt":"2022-05-23T18:57:56","guid":{"rendered":"https:\/\/www.yodogawa.com.vn\/interns-in-yodogawa\/collection-of-bank-details\/"},"modified":"2024-01-11T13:18:10","modified_gmt":"2024-01-11T04:18:10","slug":"collection-of-bank-details","status":"publish","type":"page","link":"https:\/\/www.yodogawa.com.vn\/en\/interns-in-yodogawa\/collection-of-bank-details\/","title":{"rendered":"Collection of Bank details"},"content":{"rendered":"\n<div class=\"row\"  id=\"row-1667454594\">\n\n\n\t<div id=\"col-106932234\" class=\"col small-12 large-12\"  >\n\t\t\t\t<div class=\"col-inner\"  >\n\t\t\t\n\t\t\t\n\n\t<div id=\"gap-644724496\" class=\"gap-element clearfix\" style=\"display:block; height:auto;\">\n\t\t\n<style>\n#gap-644724496 {\n  padding-top: 30px;\n}\n<\/style>\n\t<\/div>\n\t\n\n<h1 style=\"font-size: 25.92px;\">TCollection of Bank details<\/h1>\n<h2>Attention<\/h2>\n<p>1.<span style=\"color: #ed1c24;\">SCAN- <\/span><span style=\"font-size: 130%;\"><strong><span style=\"color: #ed1c24;\">PICTURE FIRST<\/span><\/strong><\/span> (scroll down below) <\/p>\n<p> \u2013 Click here <a href=\"https:\/\/www.yodogawa.com.vn\/jump-nippon\/clip-huong-dan-scan-dang-tai-thong-tin\/\">for instructions<\/a> when you don\u2019t know how to scan<\/p>\n<p>2.Information on the card <span style=\"color: #ed1c24;\"><strong><span style=\"font-size: 130%;\">must<\/span><\/strong><\/span> be complete<\/p>\n<p>3. <strong><span style=\"color: #ed1c24;\">Information on the card that is blurred or missing<\/span><\/strong> is <span style=\"font-size: 130%; color: #ed1c24;\">NOT<\/span> accepted<\/p>\n<h2>Instructions for scanning and taking photo of residence card <\/h2>\n<p>1. Place the card on the tabletop<\/p>\n<p>2. Capture &#8211; scan from top to bottom<\/p>\n<p> \u2013 Click here <a href=\"https:\/\/www.yodogawa.com.vn\/jump-nippon\/clip-huong-dan-scan-dang-tai-thong-tin\/\">for instructions<\/a> when you don\u2019t know how to scan<\/p>\n<p>3. Check if the information is missing \u2013 if there is shadow or not<\/p>\n<p> <\/p>\n<div class=\"row\"  id=\"row-239800897\">\n\n\n\t<div id=\"col-748540097\" class=\"col small-12 large-12\"  >\n\t\t\t\t<div class=\"col-inner\"  >\n\t\t\t\n\t\t\t\n\n<h2>Bank code&nbsp;<\/h2>\n<p style=\"text-align: center;\"><span style=\"font-size: 130%;\">\u2460 Bank code&nbsp; &nbsp; &nbsp; \u2461 Account Number<\/span><\/p>\n\n\t\t<\/div>\n\t\t\t\t\t<\/div>\n\n\t\n\n\t<div id=\"col-1236562475\" class=\"col medium-6 small-12 large-6\"  >\n\t\t\t\t<div class=\"col-inner text-left\"  >\n\t\t\t\n\t\t\t\n\n\t<div class=\"box has-hover   has-hover box-push box-text-bottom\" >\n\n\t\t<div class=\"box-image\" >\n\t\t\t\t\t\t<div class=\"image-overlay-add image-cover\" style=\"padding-top:75%;\">\n\t\t\t\t<img loading=\"lazy\" decoding=\"async\" width=\"250\" height=\"157\" src=\"https:\/\/www.yodogawa.com.vn\/wp-content\/uploads\/2023\/07\/seven.jpg\" class=\"attachment- size-\" alt=\"\" \/>\t\t\t\t<div class=\"overlay\" style=\"background-color:rgba(28, 28, 28, 0.5)\"><\/div>\t\t\t\t\t\t\t<\/div>\n\t\t\t\t\t<\/div>\n\n\t\t<div class=\"box-text text-left is-small\" >\n\t\t\t<div class=\"box-text-inner\">\n\t\t\t\t\n\n\t<div id=\"text-4228540254\" class=\"text\">\n\t\t\n\n<p>Yucho Bank<\/p>\n\t\t\n<style>\n#text-4228540254 {\n  font-size: 1.4rem;\n  line-height: 2;\n}\n<\/style>\n\t<\/div>\n\t\n\n\t\t\t<\/div>\n\t\t<\/div>\n\t<\/div>\n\t\n\n\t\t<\/div>\n\t\t\t\t\t<\/div>\n\n\t\n\n\t<div id=\"col-1248679475\" class=\"col medium-6 small-12 large-6\"  >\n\t\t\t\t<div class=\"col-inner text-left\"  >\n\t\t\t\n\t\t\t\n\n\t<div class=\"box has-hover   has-hover box-push box-text-bottom\" >\n\n\t\t<div class=\"box-image\" >\n\t\t\t\t\t\t<div class=\"image-overlay-add image-cover\" style=\"padding-top:75%;\">\n\t\t\t\t<img loading=\"lazy\" decoding=\"async\" width=\"329\" height=\"203\" src=\"https:\/\/www.yodogawa.com.vn\/wp-content\/uploads\/2023\/07\/seven.png\" class=\"attachment- size-\" alt=\"\" srcset=\"https:\/\/www.yodogawa.com.vn\/wp-content\/uploads\/2023\/07\/seven.png 329w, https:\/\/www.yodogawa.com.vn\/wp-content\/uploads\/2023\/07\/seven-300x185.png 300w\" sizes=\"(max-width: 329px) 100vw, 329px\" \/>\t\t\t\t<div class=\"overlay\" style=\"background-color:rgba(28, 28, 28, 0.5)\"><\/div>\t\t\t\t\t\t\t<\/div>\n\t\t\t\t\t<\/div>\n\n\t\t<div class=\"box-text text-left is-small\" >\n\t\t\t<div class=\"box-text-inner\">\n\t\t\t\t\n\n\t<div id=\"text-2491801947\" class=\"text\">\n\t\t\n\n<p>Seven Bank<\/p>\n\t\t\n<style>\n#text-2491801947 {\n  font-size: 1.4rem;\n}\n<\/style>\n\t<\/div>\n\t\n\n\t\t\t<\/div>\n\t\t<\/div>\n\t<\/div>\n\t\n\n\t\t<\/div>\n\t\t\t\t\t<\/div>\n\n\t\n\n\t<div id=\"col-513490701\" class=\"col medium-6 small-12 large-6\"  >\n\t\t\t\t<div class=\"col-inner text-left\"  >\n\t\t\t\n\t\t\t\n\n\t<div class=\"box has-hover   has-hover box-push box-text-bottom\" >\n\n\t\t<div class=\"box-image\" >\n\t\t\t\t\t\t<div class=\"image-overlay-add image-cover\" style=\"padding-top:75%;\">\n\t\t\t\t<img loading=\"lazy\" decoding=\"async\" width=\"242\" height=\"152\" src=\"https:\/\/www.yodogawa.com.vn\/wp-content\/uploads\/2023\/07\/ufj.jpg\" class=\"attachment- size-\" alt=\"\" \/>\t\t\t\t<div class=\"overlay\" style=\"background-color:rgba(28, 28, 28, 0.5)\"><\/div>\t\t\t\t\t\t\t<\/div>\n\t\t\t\t\t<\/div>\n\n\t\t<div class=\"box-text text-left is-small\" >\n\t\t\t<div class=\"box-text-inner\">\n\t\t\t\t\n\n\t<div id=\"text-2699155981\" class=\"text\">\n\t\t\n\n<p>UFJ Bank<\/p>\n\t\t\n<style>\n#text-2699155981 {\n  font-size: 1.4rem;\n}\n<\/style>\n\t<\/div>\n\t\n\n\t\t\t<\/div>\n\t\t<\/div>\n\t<\/div>\n\t\n\n\t\t<\/div>\n\t\t\t\t\t<\/div>\n\n\t\n\n\t<div id=\"col-1061522618\" class=\"col medium-6 small-12 large-6\"  >\n\t\t\t\t<div class=\"col-inner text-left\"  >\n\t\t\t\n\t\t\t\n\n\t<div class=\"box has-hover   has-hover box-push box-text-bottom\" >\n\n\t\t<div class=\"box-image\" >\n\t\t\t\t\t\t<div class=\"image-overlay-add image-cover\" style=\"padding-top:75%;\">\n\t\t\t\t<img loading=\"lazy\" decoding=\"async\" width=\"720\" height=\"450\" src=\"https:\/\/www.yodogawa.com.vn\/wp-content\/uploads\/2023\/07\/ufj.png\" class=\"attachment- size-\" alt=\"\" srcset=\"https:\/\/www.yodogawa.com.vn\/wp-content\/uploads\/2023\/07\/ufj.png 720w, https:\/\/www.yodogawa.com.vn\/wp-content\/uploads\/2023\/07\/ufj-300x188.png 300w\" sizes=\"(max-width: 720px) 100vw, 720px\" \/>\t\t\t\t<div class=\"overlay\" style=\"background-color:rgba(28, 28, 28, 0.5)\"><\/div>\t\t\t\t\t\t\t<\/div>\n\t\t\t\t\t<\/div>\n\n\t\t<div class=\"box-text text-left is-small\" >\n\t\t\t<div class=\"box-text-inner\">\n\t\t\t\t\n\n\t<div id=\"text-4086818677\" class=\"text\">\n\t\t\n\n<p>SMBC Bank<\/p>\n\t\t\n<style>\n#text-4086818677 {\n  font-size: 1.4rem;\n}\n<\/style>\n\t<\/div>\n\t\n\n\t\t\t<\/div>\n\t\t<\/div>\n\t<\/div>\n\t\n\n\t\t<\/div>\n\t\t\t\t\t<\/div>\n\n\t\n\n<\/div>\n<h2>Bank details<\/h2>\n<div class=\"wpforms-container wpforms-container-full\" id=\"wpforms-1300\"><form id=\"wpforms-form-1300\" class=\"wpforms-validate wpforms-form wpforms-ajax-form\" data-formid=\"1300\" method=\"post\" enctype=\"multipart\/form-data\" action=\"\/en\/wp-json\/wp\/v2\/pages\/2454?wpforms_form_id=1300\" data-token=\"ff69039c60de441cf6503ee9c4b2d11f\"><noscript class=\"wpforms-error-noscript\">Please enable JavaScript in your browser to complete this form.<\/noscript><div class=\"wpforms-field-container\"><div id=\"wpforms-1300-field_1-container\" class=\"wpforms-field wpforms-field-text\" data-field-id=\"1\"><label class=\"wpforms-field-label\" for=\"wpforms-1300-field_1\">H\u1ecd v\u00e0 T\u00ean(Name) <span class=\"wpforms-required-label\">*<\/span><\/label><input type=\"text\" id=\"wpforms-1300-field_1\" class=\"wpforms-field-small wpforms-field-required\" name=\"wpforms[fields][1]\" placeholder=\"NGUYEN VAN A\" required><\/div><div id=\"wpforms-1300-field_2-container\" class=\"wpforms-field wpforms-field-text\" data-field-id=\"2\"><label class=\"wpforms-field-label\" for=\"wpforms-1300-field_2\">T\u00ean c\u00f4ng ty(Company) <span class=\"wpforms-required-label\">*<\/span><\/label><input type=\"text\" id=\"wpforms-1300-field_2\" class=\"wpforms-field-small wpforms-field-required\" name=\"wpforms[fields][2]\" placeholder=\"T\u00ean c\u00f4ng ty \u0111ang l\u00e0m \" required><\/div><div id=\"wpforms-1300-field_6-container\" class=\"wpforms-field wpforms-field-text\" data-field-id=\"6\"><label class=\"wpforms-field-label\" for=\"wpforms-1300-field_6\">M\u00e3 chi nh\u00e1nh (Branch)  <span class=\"wpforms-required-label\">*<\/span><\/label><input type=\"text\" id=\"wpforms-1300-field_6\" class=\"wpforms-field-small wpforms-field-required\" name=\"wpforms[fields][6]\" placeholder=\"109\" required><div class=\"wpforms-field-description\">V\u1ecb tr\u00ed \"M\u00c3 CHI NH\u00c1NH\" tr\u00ean th\u1ebb.\r\nXem h\u00ecnh m\u1eabu b\u00ean tr\u00ean<\/div><\/div><div id=\"wpforms-1300-field_8-container\" class=\"wpforms-field wpforms-field-text\" data-field-id=\"8\"><label class=\"wpforms-field-label\" for=\"wpforms-1300-field_8\">S\u1ed1 t\u00e0i kho\u1ea3n (Account number)   <span class=\"wpforms-required-label\">*<\/span><\/label><input type=\"text\" id=\"wpforms-1300-field_8\" class=\"wpforms-field-small wpforms-field-required\" name=\"wpforms[fields][8]\" placeholder=\"123456\" required><div class=\"wpforms-field-description\">V\u1ecb tr\u00ed \"S\u1ed0 T\u00c0I KHO\u1ea2N\" tr\u00ean th\u1ebb.\r\nXem h\u00ecnh m\u1eabu b\u00ean tr\u00ean<\/div><\/div><div id=\"wpforms-1300-field_18-container\" class=\"wpforms-field wpforms-field-file-upload\" data-field-id=\"18\"><label class=\"wpforms-field-label\" for=\"wpforms-1300-field_18\">H\u00ecnh th\u1ebb ng\u00e2n h\u00e0ng (Image of ATM card ) <span class=\"wpforms-required-label\">*<\/span><\/label><div class=\"wpforms-uploader\"\n\tdata-field-id=\"18\"\n\tdata-form-id=\"1300\"\n\tdata-input-name=\"wpforms_1300_18\"\n\tdata-extensions=\"jpeg,png,jpg\"\n\tdata-max-size=\"134217728\"\n\tdata-max-file-number=\"1\"\n\tdata-post-max-size=\"134217728\"\n    data-max-parallel-uploads=\"4\"\n    data-parallel-uploads=\"true\"\n\tdata-file-chunk-size=\"2097152\">\n\t<div class=\"dz-message\">\n\t\t<svg viewBox=\"0 0 1024 1024\" focusable=\"false\" class=\"\" data-icon=\"inbox\" width=\"50px\" height=\"50px\" fill=\"#B1B1B1\" aria-hidden=\"true\"><path d=\"M885.2 446.3l-.2-.8-112.2-285.1c-5-16.1-19.9-27.2-36.8-27.2H281.2c-17 0-32.1 11.3-36.9 27.6L139.4 443l-.3.7-.2.8c-1.3 4.9-1.7 9.9-1 14.8-.1 1.6-.2 3.2-.2 4.8V830a60.9 60.9 0 0 0 60.8 60.8h627.2c33.5 0 60.8-27.3 60.9-60.8V464.1c0-1.3 0-2.6-.1-3.7.4-4.9 0-9.6-1.3-14.1zm-295.8-43l-.3 15.7c-.8 44.9-31.8 75.1-77.1 75.1-22.1 0-41.1-7.1-54.8-20.6S436 441.2 435.6 419l-.3-15.7H229.5L309 210h399.2l81.7 193.3H589.4zm-375 76.8h157.3c24.3 57.1 76 90.8 140.4 90.8 33.7 0 65-9.4 90.3-27.2 22.2-15.6 39.5-37.4 50.7-63.6h156.5V814H214.4V480.1z\"><\/path><\/svg>\n\t\t<span class=\"modern-title\">\n\t\t\tClick or drag a file to this area to upload.\t\t<\/span>\n\n\t\t\t<\/div>\n<\/div>\n<input type=\"text\" class=\"dropzone-input\"\n\tstyle=\"position:absolute!important;clip:rect(0,0,0,0)!important;height:1px!important;width:1px!important;border:0!important;overflow:hidden!important;padding:0!important;margin:0!important;\"\n\tid=\"wpforms-1300-field_18\"\n\tname=\"wpforms_1300_18\" required>\n<\/div><\/div><div class=\"wpforms-submit-container\" ><input type=\"hidden\" name=\"wpforms[id]\" value=\"1300\"><input type=\"hidden\" name=\"wpforms[author]\" value=\"1\"><button type=\"submit\" name=\"wpforms[submit]\" class=\"wpforms-submit \" id=\"wpforms-submit-1300\" value=\"wpforms-submit\" aria-live=\"assertive\" data-alt-text=\"Xin vui l\u00f2ng \u0111\u1ee3i trong gi\u00e2y l\u00e1t. H\u00ecnh \u1ea3nh \u0111ang \u0111\u01b0\u1ee3c g\u1eedi \u0111i (Sending...)\" data-submit-text=\"G\u1eedi \u0111i (Submit)\">G\u1eedi \u0111i (Submit)<\/button><img loading=\"lazy\" decoding=\"async\" src=\"https:\/\/www.yodogawa.com.vn\/wp-content\/plugins\/wpforms\/assets\/images\/submit-spin.svg\" class=\"wpforms-submit-spinner\" style=\"display: none;\" width=\"26\" height=\"26\" alt=\"\"><\/div><\/form><\/div>  <!-- .wpforms-container -->\n\n\t\t<\/div>\n\t\t\t\t\t<\/div>\n\n\t\n\n<\/div>\n\n","protected":false},"excerpt":{"rendered":"","protected":false},"author":1,"featured_media":0,"parent":2440,"menu_order":0,"comment_status":"closed","ping_status":"closed","template":"","meta":{"footnotes":""},"_links":{"self":[{"href":"https:\/\/www.yodogawa.com.vn\/en\/wp-json\/wp\/v2\/pages\/2454"}],"collection":[{"href":"https:\/\/www.yodogawa.com.vn\/en\/wp-json\/wp\/v2\/pages"}],"about":[{"href":"https:\/\/www.yodogawa.com.vn\/en\/wp-json\/wp\/v2\/types\/page"}],"author":[{"embeddable":true,"href":"https:\/\/www.yodogawa.com.vn\/en\/wp-json\/wp\/v2\/users\/1"}],"replies":[{"embeddable":true,"href":"https:\/\/www.yodogawa.com.vn\/en\/wp-json\/wp\/v2\/comments?post=2454"}],"version-history":[{"count":1,"href":"https:\/\/www.yodogawa.com.vn\/en\/wp-json\/wp\/v2\/pages\/2454\/revisions"}],"predecessor-version":[{"id":2875,"href":"https:\/\/www.yodogawa.com.vn\/en\/wp-json\/wp\/v2\/pages\/2454\/revisions\/2875"}],"up":[{"embeddable":true,"href":"https:\/\/www.yodogawa.com.vn\/en\/wp-json\/wp\/v2\/pages\/2440"}],"wp:attachment":[{"href":"https:\/\/www.yodogawa.com.vn\/en\/wp-json\/wp\/v2\/media?parent=2454"}],"curies":[{"name":"wp","href":"https:\/\/api.w.org\/{rel}","templated":true}]}}