{"id":2463,"date":"2021-11-22T01:17:25","date_gmt":"2021-11-21T16:17:25","guid":{"rendered":"https:\/\/www.yodogawa.com.vn\/interns-in-yodogawa\/collection-of-residence-cards\/"},"modified":"2024-01-11T13:15:17","modified_gmt":"2024-01-11T04:15:17","slug":"collection-of-residence-cards","status":"publish","type":"page","link":"https:\/\/www.yodogawa.com.vn\/en\/interns-in-yodogawa\/collection-of-residence-cards\/","title":{"rendered":"Residence Cards"},"content":{"rendered":"\n<div class=\"row\"  id=\"row-870530395\">\n\n\n\t<div id=\"col-1012988934\" class=\"col small-12 large-12\"  >\n\t\t\t\t<div class=\"col-inner\"  >\n\t\t\t\n\t\t\t\n\n\t<div id=\"gap-1023180278\" class=\"gap-element clearfix\" style=\"display:block; height:auto;\">\n\t\t\n<style>\n#gap-1023180278 {\n  padding-top: 30px;\n}\n<\/style>\n\t<\/div>\n\t\n\n<h1 style=\"font-size: 25.92px;\">Collection of Residence Cards<\/h1>\n<h2>Attention<\/h2>\n<p>1.Submit the scanned &#8211; <span style=\"font-size: 150%;\"><strong><span style=\"color: #ed1c24;\">image file <\/span><\/strong><\/span> \u2013 PICTURE FIRST (scroll down below) <\/p>\n<p> -\u2013 Click <a href=\"https:\/\/www.yodogawa.com.vn\/jump-nippon\/clip-huong-dan-scan-dang-tai-thong-tin\/\">here fo<\/a>r instructions when you don&#8217;t know how to scan<\/p>\n<p>2.Information on the card <span style=\"font-size: 130%; color: #ed1c24;\"><strong>must be<\/strong><\/span> complete<\/p>\n<p>3. Information on the card that is <span style=\"color: #ed1c24;\">blurred or missing<\/span> is <span style=\"color: #ed1c24; font-size: 130%;\">NOT<\/span> accepted<\/p>\n<h2>Instructions for scanning and taking photo of residence card<\/h2>\n<p>1. Place the card on the tabletop<\/p>\n<p>2. Capture &#8211; scan from top to bottom<\/p>\n<p> -\u2013 Click <a href=\"https:\/\/www.yodogawa.com.vn\/jump-nippon\/clip-huong-dan-scan-dang-tai-thong-tin\/\">here fo<\/a>r instructions when you don&#8217;t know how to scan<\/p>\n<p><span style=\"color: #333333;\">3.Check if the information is missing \u2013 if there is shadow or not<\/span><\/p>\n<h2>Do not cover the information<\/h2>\n<p><img loading=\"lazy\" decoding=\"async\" class=\"alignnone wp-image-1987\" src=\"https:\/\/www.yodogawa.com.vn\/wp-content\/uploads\/2023\/07\/358870158_1482861862478687_684557525517284198_n.jpg\" alt=\"\" width=\"375\" height=\"268\" srcset=\"https:\/\/www.yodogawa.com.vn\/wp-content\/uploads\/2023\/07\/358870158_1482861862478687_684557525517284198_n.jpg 1728w, https:\/\/www.yodogawa.com.vn\/wp-content\/uploads\/2023\/07\/358870158_1482861862478687_684557525517284198_n-300x215.jpg 300w, https:\/\/www.yodogawa.com.vn\/wp-content\/uploads\/2023\/07\/358870158_1482861862478687_684557525517284198_n-1024x732.jpg 1024w, https:\/\/www.yodogawa.com.vn\/wp-content\/uploads\/2023\/07\/358870158_1482861862478687_684557525517284198_n-768x549.jpg 768w, https:\/\/www.yodogawa.com.vn\/wp-content\/uploads\/2023\/07\/358870158_1482861862478687_684557525517284198_n-1536x1099.jpg 1536w\" sizes=\"(max-width: 375px) 100vw, 375px\" \/><img loading=\"lazy\" decoding=\"async\" class=\"wp-image-1989 alignnone\" src=\"https:\/\/www.yodogawa.com.vn\/wp-content\/uploads\/2023\/07\/khi-bi-mat-theo-ngoai-kieu-o-nhat-1.jpg\" alt=\"\" width=\"369\" height=\"298\" srcset=\"https:\/\/www.yodogawa.com.vn\/wp-content\/uploads\/2023\/07\/khi-bi-mat-theo-ngoai-kieu-o-nhat-1.jpg 760w, https:\/\/www.yodogawa.com.vn\/wp-content\/uploads\/2023\/07\/khi-bi-mat-theo-ngoai-kieu-o-nhat-1-300x242.jpg 300w\" sizes=\"(max-width: 369px) 100vw, 369px\" \/><\/p>\n<h2>The (old) expired residence card is not accepted<\/h2>\n<div class=\"wpforms-container wpforms-container-full\" id=\"wpforms-1291\"><form id=\"wpforms-form-1291\" class=\"wpforms-validate wpforms-form wpforms-ajax-form\" data-formid=\"1291\" method=\"post\" enctype=\"multipart\/form-data\" action=\"\/en\/wp-json\/wp\/v2\/pages\/2463?wpforms_form_id=1291\" data-token=\"f3dba891aec743e148820d4752fbf2f3\"><noscript class=\"wpforms-error-noscript\">Please enable JavaScript in your browser to complete this form.<\/noscript><div class=\"wpforms-field-container\"><div id=\"wpforms-1291-field_1-container\" class=\"wpforms-field wpforms-field-text\" data-field-id=\"1\"><label class=\"wpforms-field-label\" for=\"wpforms-1291-field_1\">H\u1ecd v\u00e0 T\u00ean(Name) <span class=\"wpforms-required-label\">*<\/span><\/label><input type=\"text\" id=\"wpforms-1291-field_1\" class=\"wpforms-field-small wpforms-field-required\" name=\"wpforms[fields][1]\" placeholder=\"NGUYEN VAN A\" required><\/div><div id=\"wpforms-1291-field_2-container\" class=\"wpforms-field wpforms-field-text\" data-field-id=\"2\"><label class=\"wpforms-field-label\" for=\"wpforms-1291-field_2\">T\u00ean c\u00f4ng ty(Company) <span class=\"wpforms-required-label\">*<\/span><\/label><input type=\"text\" id=\"wpforms-1291-field_2\" class=\"wpforms-field-small wpforms-field-required\" name=\"wpforms[fields][2]\" placeholder=\"YODOGAWA KUMIAI\" required><\/div><div id=\"wpforms-1291-field_4-container\" class=\"wpforms-field wpforms-field-file-upload\" data-field-id=\"4\"><label class=\"wpforms-field-label\" for=\"wpforms-1291-field_4\">M\u1eb7t tr\u01b0\u1edbc th\u1ebb ngo\u1ea1i ki\u1ec1u (Front side Image of ID card ) <span class=\"wpforms-required-label\">*<\/span><\/label><input type=\"file\" id=\"wpforms-1291-field_4\" class=\"wpforms-field-required\" data-rule-extension=\"jpg,jpeg,jpe,gif,png,bmp,tiff,tif,webp,avif,ico,heic,asf,asx,wmv,wmx,wm,avi,divx,mov,qt,mpeg,mpg,mpe,mp4,m4v,ogv,webm,mkv,3gp,3gpp,3g2,3gp2,txt,asc,c,cc,h,srt,csv,tsv,ics,rtx,css,vtt,mp3,m4a,m4b,aac,ra,ram,wav,ogg,oga,flac,mid,midi,wma,wax,mka,rtf,pdf,class,tar,zip,gz,gzip,rar,7z,psd,xcf,doc,pot,pps,ppt,wri,xla,xls,xlt,xlw,mpp,docx,docm,dotx,dotm,xlsx,xlsm,xlsb,xltx,xltm,xlam,pptx,pptm,ppsx,ppsm,potx,potm,ppam,sldx,sldm,onetoc,onetoc2,onepkg,oxps,xps,odt,odp,ods,odg,odc,odb,odf,wp,wpd,key,numbers,pages,json\" data-rule-maxsize=\"134217728\" name=\"wpforms_1291_4\" accept=\".jpg,.jpeg,.jpe,.gif,.png,.bmp,.tiff,.tif,.webp,.avif,.ico,.heic,.asf,.asx,.wmv,.wmx,.wm,.avi,.divx,.mov,.qt,.mpeg,.mpg,.mpe,.mp4,.m4v,.ogv,.webm,.mkv,.3gp,.3gpp,.3g2,.3gp2,.txt,.asc,.c,.cc,.h,.srt,.csv,.tsv,.ics,.rtx,.css,.vtt,.mp3,.m4a,.m4b,.aac,.ra,.ram,.wav,.ogg,.oga,.flac,.mid,.midi,.wma,.wax,.mka,.rtf,.pdf,.class,.tar,.zip,.gz,.gzip,.rar,.7z,.psd,.xcf,.doc,.pot,.pps,.ppt,.wri,.xla,.xls,.xlt,.xlw,.mpp,.docx,.docm,.dotx,.dotm,.xlsx,.xlsm,.xlsb,.xltx,.xltm,.xlam,.pptx,.pptm,.ppsx,.ppsm,.potx,.potm,.ppam,.sldx,.sldm,.onetoc,.onetoc2,.onepkg,.oxps,.xps,.odt,.odp,.ods,.odg,.odc,.odb,.odf,.wp,.wpd,.key,.numbers,.pages,.json\" required><\/div><div id=\"wpforms-1291-field_5-container\" class=\"wpforms-field wpforms-field-file-upload\" data-field-id=\"5\"><label class=\"wpforms-field-label\" for=\"wpforms-1291-field_5\">M\u1eb7t sau th\u1ebb ngo\u1ea1i ki\u1ec1u (Back side Image of ID card) <span class=\"wpforms-required-label\">*<\/span><\/label><input type=\"file\" id=\"wpforms-1291-field_5\" class=\"wpforms-field-required\" data-rule-extension=\"jpg,jpeg,jpe,gif,png,bmp,tiff,tif,webp,avif,ico,heic,asf,asx,wmv,wmx,wm,avi,divx,mov,qt,mpeg,mpg,mpe,mp4,m4v,ogv,webm,mkv,3gp,3gpp,3g2,3gp2,txt,asc,c,cc,h,srt,csv,tsv,ics,rtx,css,vtt,mp3,m4a,m4b,aac,ra,ram,wav,ogg,oga,flac,mid,midi,wma,wax,mka,rtf,pdf,class,tar,zip,gz,gzip,rar,7z,psd,xcf,doc,pot,pps,ppt,wri,xla,xls,xlt,xlw,mpp,docx,docm,dotx,dotm,xlsx,xlsm,xlsb,xltx,xltm,xlam,pptx,pptm,ppsx,ppsm,potx,potm,ppam,sldx,sldm,onetoc,onetoc2,onepkg,oxps,xps,odt,odp,ods,odg,odc,odb,odf,wp,wpd,key,numbers,pages,json\" data-rule-maxsize=\"134217728\" name=\"wpforms_1291_5\" accept=\".jpg,.jpeg,.jpe,.gif,.png,.bmp,.tiff,.tif,.webp,.avif,.ico,.heic,.asf,.asx,.wmv,.wmx,.wm,.avi,.divx,.mov,.qt,.mpeg,.mpg,.mpe,.mp4,.m4v,.ogv,.webm,.mkv,.3gp,.3gpp,.3g2,.3gp2,.txt,.asc,.c,.cc,.h,.srt,.csv,.tsv,.ics,.rtx,.css,.vtt,.mp3,.m4a,.m4b,.aac,.ra,.ram,.wav,.ogg,.oga,.flac,.mid,.midi,.wma,.wax,.mka,.rtf,.pdf,.class,.tar,.zip,.gz,.gzip,.rar,.7z,.psd,.xcf,.doc,.pot,.pps,.ppt,.wri,.xla,.xls,.xlt,.xlw,.mpp,.docx,.docm,.dotx,.dotm,.xlsx,.xlsm,.xlsb,.xltx,.xltm,.xlam,.pptx,.pptm,.ppsx,.ppsm,.potx,.potm,.ppam,.sldx,.sldm,.onetoc,.onetoc2,.onepkg,.oxps,.xps,.odt,.odp,.ods,.odg,.odc,.odb,.odf,.wp,.wpd,.key,.numbers,.pages,.json\" required><\/div><\/div><div class=\"wpforms-submit-container\" ><input type=\"hidden\" name=\"wpforms[id]\" value=\"1291\"><input type=\"hidden\" name=\"wpforms[author]\" value=\"1\"><button type=\"submit\" name=\"wpforms[submit]\" class=\"wpforms-submit \" id=\"wpforms-submit-1291\" value=\"wpforms-submit\" aria-live=\"assertive\" data-alt-text=\"Xin vui l\u00f2ng \u0111\u1ee3i trong gi\u00e2y l\u00e1t. H\u00ecnh \u1ea3nh \u0111ang \u0111\u01b0\u1ee3c g\u1eedi \u0111i (Sending...)\" data-submit-text=\"G\u1eedi \u0111i (Submit)\">G\u1eedi \u0111i (Submit)<\/button><img loading=\"lazy\" decoding=\"async\" src=\"https:\/\/www.yodogawa.com.vn\/wp-content\/plugins\/wpforms\/assets\/images\/submit-spin.svg\" class=\"wpforms-submit-spinner\" style=\"display: none;\" width=\"26\" height=\"26\" alt=\"\"><\/div><\/form><\/div>  <!-- .wpforms-container -->THERT \u1eba<\/p>\n\n\t\t<\/div>\n\t\t\t\t\t<\/div>\n\n\t\n\n<\/div>\n\n","protected":false},"excerpt":{"rendered":"","protected":false},"author":1,"featured_media":0,"parent":2440,"menu_order":0,"comment_status":"closed","ping_status":"closed","template":"","meta":{"footnotes":""},"_links":{"self":[{"href":"https:\/\/www.yodogawa.com.vn\/en\/wp-json\/wp\/v2\/pages\/2463"}],"collection":[{"href":"https:\/\/www.yodogawa.com.vn\/en\/wp-json\/wp\/v2\/pages"}],"about":[{"href":"https:\/\/www.yodogawa.com.vn\/en\/wp-json\/wp\/v2\/types\/page"}],"author":[{"embeddable":true,"href":"https:\/\/www.yodogawa.com.vn\/en\/wp-json\/wp\/v2\/users\/1"}],"replies":[{"embeddable":true,"href":"https:\/\/www.yodogawa.com.vn\/en\/wp-json\/wp\/v2\/comments?post=2463"}],"version-history":[{"count":2,"href":"https:\/\/www.yodogawa.com.vn\/en\/wp-json\/wp\/v2\/pages\/2463\/revisions"}],"predecessor-version":[{"id":2874,"href":"https:\/\/www.yodogawa.com.vn\/en\/wp-json\/wp\/v2\/pages\/2463\/revisions\/2874"}],"up":[{"embeddable":true,"href":"https:\/\/www.yodogawa.com.vn\/en\/wp-json\/wp\/v2\/pages\/2440"}],"wp:attachment":[{"href":"https:\/\/www.yodogawa.com.vn\/en\/wp-json\/wp\/v2\/media?parent=2463"}],"curies":[{"name":"wp","href":"https:\/\/api.w.org\/{rel}","templated":true}]}}